{"id":9989,"date":"2020-04-23T10:43:32","date_gmt":"2020-04-23T10:43:32","guid":{"rendered":"https:\/\/datacolchannel.es\/quimicos-maquinas-e-acessorios\/"},"modified":"2022-06-28T14:03:03","modified_gmt":"2022-06-28T14:03:03","slug":"quimicos-maquinas-e-acessorios","status":"publish","type":"page","link":"https:\/\/datacolchannel.es\/pt-pt\/quimicos-maquinas-e-acessorios\/","title":{"rendered":"QU\u00cdMICOS, M\u00c1QUINAS E ACESS\u00d3RIOS"},"content":{"rendered":"<div class=\"fusion-fullwidth fullwidth-box fusion-builder-row-1 fusion-flex-container nonhundred-percent-fullwidth non-hundred-percent-height-scrolling\" style=\"--awb-border-color:#ffffff;--awb-border-radius-top-left:0px;--awb-border-radius-top-right:0px;--awb-border-radius-bottom-right:0px;--awb-border-radius-bottom-left:0px;--awb-padding-right:10%;--awb-padding-left:10%;--awb-border-sizes-top:0px;--awb-border-sizes-bottom:0px;\" ><div class=\"fusion-builder-row fusion-row fusion-flex-align-items-flex-start\" style=\"max-width:93.6%;margin-left: calc(-4% \/ 2 );margin-right: calc(-4% \/ 2 );\"><div class=\"fusion-layout-column fusion_builder_column fusion-builder-column-0 fusion_builder_column_2_3 2_3 fusion-flex-column\" style=\"--awb-bg-size:cover;--awb-width-large:66.666666666667%;--awb-margin-top-large:0px;--awb-spacing-right-large:3.84%;--awb-margin-bottom-large:20px;--awb-spacing-left-large:2.88%;--awb-width-medium:66.666666666667%;--awb-spacing-right-medium:3.84%;--awb-spacing-left-medium:2.88%;--awb-width-small:100%;--awb-spacing-right-small:1.92%;--awb-spacing-left-small:1.92%;\"><div class=\"fusion-column-wrapper fusion-flex-justify-content-flex-start fusion-content-layout-column\"><div class=\"fusion-text fusion-text-1\"><h1 style=\"font-size: 500%;\">QU\u00cdMICOS, M\u00c1QUINAS E ACESS\u00d3RIOS<\/h1>\n<\/div><div class=\"fusion-text fusion-text-2\"><h2>Todas as informa\u00e7\u00f5es sobre nossos produtos<\/h2>\n<\/div><div class=\"fusion-separator\" style=\"align-self: flex-start;margin-right:auto;margin-top:20px;margin-bottom:20px;width:100%;max-width:50%;\"><div class=\"fusion-separator-border sep-single sep-solid\" style=\"--awb-height:20px;--awb-amount:20px;--awb-sep-color:#b11a33;border-color:#b11a33;border-top-width:3px;\"><\/div><\/div><\/div><\/div><div class=\"fusion-layout-column fusion_builder_column fusion-builder-column-1 fusion_builder_column_1_3 1_3 fusion-flex-column\" style=\"--awb-bg-size:cover;--awb-width-large:33.333333333333%;--awb-margin-top-large:75px;--awb-spacing-right-large:5.76%;--awb-margin-bottom-large:75px;--awb-spacing-left-large:3.8399999999999%;--awb-width-medium:33.333333333333%;--awb-spacing-right-medium:5.76%;--awb-spacing-left-medium:3.8399999999999%;--awb-width-small:100%;--awb-spacing-right-small:1.92%;--awb-spacing-left-small:1.92%;\"><div class=\"fusion-column-wrapper fusion-flex-justify-content-flex-start fusion-content-layout-column\"><div class=\"fusion-image-element \" style=\"--awb-caption-title-font-family:var(--h2_typography-font-family);--awb-caption-title-font-weight:var(--h2_typography-font-weight);--awb-caption-title-font-style:var(--h2_typography-font-style);--awb-caption-title-size:var(--h2_typography-font-size);--awb-caption-title-transform:var(--h2_typography-text-transform);--awb-caption-title-line-height:var(--h2_typography-line-height);--awb-caption-title-letter-spacing:var(--h2_typography-letter-spacing);\"><span class=\" fusion-imageframe imageframe-none imageframe-1 hover-type-none\" class=\"image-magnify\" class=\"image-scroll\"><img decoding=\"async\" width=\"597\" height=\"134\" title=\"Datacol_News_Productos\" src=\"https:\/\/datacolchannel.es\/wp-content\/uploads\/2017\/07\/DatacolNews_G_Product.png\" alt class=\"img-responsive wp-image-6579\" srcset=\"https:\/\/datacolchannel.es\/wp-content\/uploads\/2017\/07\/DatacolNews_G_Product-200x45.png 200w, https:\/\/datacolchannel.es\/wp-content\/uploads\/2017\/07\/DatacolNews_G_Product-400x90.png 400w, https:\/\/datacolchannel.es\/wp-content\/uploads\/2017\/07\/DatacolNews_G_Product.png 597w\" sizes=\"(max-width: 640px) 100vw, 597px\" \/><\/span><\/div><\/div><\/div><div class=\"fusion-layout-column fusion_builder_column fusion-builder-column-2 fusion_builder_column_1_1 1_1 fusion-flex-column\" style=\"--awb-bg-size:cover;--awb-width-large:100%;--awb-margin-top-large:0px;--awb-spacing-right-large:1.92%;--awb-margin-bottom-large:20px;--awb-spacing-left-large:1.92%;--awb-width-medium:100%;--awb-spacing-right-medium:1.92%;--awb-spacing-left-medium:1.92%;--awb-width-small:100%;--awb-spacing-right-small:1.92%;--awb-spacing-left-small:1.92%;\"><div class=\"fusion-column-wrapper fusion-flex-justify-content-flex-start fusion-content-layout-column\"><div class=\"fusion-blog-shortcode fusion-blog-shortcode-1 fusion-blog-archive fusion-blog-layout-large fusion-blog-no\"><div class=\"fusion-posts-container fusion-posts-container-no fusion-blog-rollover\" data-pages=\"0\"><article id=\"blog-1-post-10441\" class=\"fusion-post-large has-post-thumbnail post-10441 post type-post status-publish format-video hentry category-chapa-e-pintura category-produto category-quimicos-maquinas-e-acessorios category-videos-demonstrativos tag-boinas-pt-pt tag-calidad-pt-pt tag-carrocaria tag-conselho tag-datacol-pt-pt tag-dicas tag-esponjas tag-polimento tag-produto tag-profesionales-pt-pt tag-solucion-pt-pt tag-tutoriais tag-vehiculo-pt-pt post_format-post-format-video\">\n\t<style type=\"text\/css\">\n\t\t\n\t\t\n\t\t\n\t\t\n\t\t\t<\/style>\n\n\n\t\t\t<div class=\"fusion-flexslider flexslider fusion-flexslider-loading fusion-post-slideshow\" style=\"\">\n\t\t<ul class=\"slides\">\n\t\t\t\t\t\t\t<li>\n\t\t\t\t\t<div class=\"full-video\"><iframe width=\"1280\" height=\"720\" src=\"https:\/\/www.youtube.com\/embed\/3Fy6XoJ3c0s\" frameborder=\"0\" allow=\"accelerometer; autoplay; encrypted-media; gyroscope; picture-in-picture\" allowfullscreen=\"\"><\/iframe><\/div>\n\t\t\t\t<\/li>\n\t\t\t\n\t\t\t\t\t\t\n\t\t\t\n\t\t\t\t\t\t\t\t\t\t\t\t\t\t\t\t\t\t\t\t\t\t\t\t\t\t\t\t\t\t\t\t\t\t\t\t\t\t\t\t\t\t\t\t\t\t\t\t\t\t\t\t\t\t\t\t\t\t\t\t\t\t\t\t\t\t\t\t<\/ul>\n\t<\/div>\n\t<div class=\"fusion-post-content post-content\"><h2 class=\"blog-shortcode-post-title entry-title\">Dicas pr\u00e1ticas para a limpeza de boinas de polimento. F320050ES\/F320055ES<\/h2><\/div><div class=\"fusion-clearfix\"><\/div><div class=\"fusion-meta-info\"><div class=\"fusion-alignleft\"><span class=\"vcard\" style=\"display: none;\"><span class=\"fn\"><a href=\"https:\/\/datacolchannel.es\/pt-pt\/author\/channeladmin\/\" title=\"Artigos de channeladmin\" rel=\"author\">channeladmin<\/a><\/span><\/span><span class=\"updated\" style=\"display:none;\">2022-07-26T08:49:56+00:00<\/span><a href=\"https:\/\/datacolchannel.es\/pt-pt\/categoria\/produto\/chapa-e-pintura\/\" rel=\"category tag\">Chapa e pintura<\/a>, <a href=\"https:\/\/datacolchannel.es\/pt-pt\/categoria\/produto\/\" rel=\"category tag\">PRODUTO<\/a>, <a href=\"https:\/\/datacolchannel.es\/pt-pt\/categoria\/produto\/chapa-e-pintura\/quimicos-maquinas-e-acessorios\/\" rel=\"category tag\">Qu\u00edmicos, m\u00e1quinas e acess\u00f3rios<\/a>, <a href=\"https:\/\/datacolchannel.es\/pt-pt\/categoria\/produto\/videos-demonstrativos\/\" rel=\"category tag\">V\u00eddeos demonstrativos<\/a><span class=\"fusion-inline-sep\">|<\/span><\/div><\/div><\/article>\n<article id=\"blog-1-post-10443\" class=\"fusion-post-large has-post-thumbnail post-10443 post type-post status-publish format-video hentry category-chapa-e-pintura category-produto category-quimicos-maquinas-e-acessorios category-videos-demonstrativos tag-calidad-pt-pt tag-carrocaria tag-datacol-pt-pt tag-lacado-pt-pt tag-matizado-pt-pt tag-productos-pt-pt tag-profesionales-pt-pt tag-vehiculos-pt-pt tag-vendedores tag-verniz post_format-post-format-video\">\n\t<style type=\"text\/css\">\n\t\t\n\t\t\n\t\t\n\t\t\n\t\t\t<\/style>\n\n\n\t\t\t<div class=\"fusion-flexslider flexslider fusion-flexslider-loading fusion-post-slideshow\" style=\"\">\n\t\t<ul class=\"slides\">\n\t\t\t\t\t\t\t<li>\n\t\t\t\t\t<div class=\"full-video\"><iframe width=\"1280\" height=\"720\" src=\"https:\/\/www.youtube.com\/embed\/1zBq0RNN0_Q\" frameborder=\"0\" allow=\"accelerometer; autoplay; encrypted-media; gyroscope; picture-in-picture\" allowfullscreen=\"\"><\/iframe><\/div>\n\t\t\t\t<\/li>\n\t\t\t\n\t\t\t\t\t\t\n\t\t\t\n\t\t\t\t\t\t\t\t\t\t\t\t\t\t\t\t\t\t\t\t\t\t\t\t\t\t\t\t\t\t\t\t\t\t\t\t\t\t\t\t\t\t\t\t\t\t\t\t\t\t\t\t\t\t\t\t\t\t\t\t\t\t\t\t\t\t\t\t<\/ul>\n\t<\/div>\n\t<div class=\"fusion-post-content post-content\"><h2 class=\"blog-shortcode-post-title entry-title\">Como economizar tempo e dinheiro no matizado de verniz? F390000ES\/F400005ES\/F320207ES\/Z390500ES<\/h2><\/div><div class=\"fusion-clearfix\"><\/div><div class=\"fusion-meta-info\"><div class=\"fusion-alignleft\"><span class=\"vcard\" style=\"display: none;\"><span class=\"fn\"><a href=\"https:\/\/datacolchannel.es\/pt-pt\/author\/channeladmin\/\" title=\"Artigos de channeladmin\" rel=\"author\">channeladmin<\/a><\/span><\/span><span class=\"updated\" style=\"display:none;\">2018-12-19T16:35:59+00:00<\/span><a href=\"https:\/\/datacolchannel.es\/pt-pt\/categoria\/produto\/chapa-e-pintura\/\" rel=\"category tag\">Chapa e pintura<\/a>, <a href=\"https:\/\/datacolchannel.es\/pt-pt\/categoria\/produto\/\" rel=\"category tag\">PRODUTO<\/a>, <a href=\"https:\/\/datacolchannel.es\/pt-pt\/categoria\/produto\/chapa-e-pintura\/quimicos-maquinas-e-acessorios\/\" rel=\"category tag\">Qu\u00edmicos, m\u00e1quinas e acess\u00f3rios<\/a>, <a href=\"https:\/\/datacolchannel.es\/pt-pt\/categoria\/produto\/videos-demonstrativos\/\" rel=\"category tag\">V\u00eddeos demonstrativos<\/a><span class=\"fusion-inline-sep\">|<\/span><\/div><\/div><\/article>\n<\/div><\/div><\/div><\/div><div class=\"fusion-layout-column fusion_builder_column fusion-builder-column-3 fusion_builder_column_1_1 1_1 fusion-flex-column\" style=\"--awb-bg-size:cover;--awb-width-large:100%;--awb-margin-top-large:0px;--awb-spacing-right-large:1.92%;--awb-margin-bottom-large:20px;--awb-spacing-left-large:1.92%;--awb-width-medium:100%;--awb-spacing-right-medium:1.92%;--awb-spacing-left-medium:1.92%;--awb-width-small:100%;--awb-spacing-right-small:1.92%;--awb-spacing-left-small:1.92%;\"><div class=\"fusion-column-wrapper fusion-flex-justify-content-flex-start fusion-content-layout-column\"><div class=\"fusion-separator\" style=\"align-self: flex-end;margin-left:auto;margin-top:50px;margin-bottom:20px;width:100%;max-width:50%;\"><div class=\"fusion-separator-border sep-single sep-solid\" style=\"--awb-height:20px;--awb-amount:20px;--awb-sep-color:#b11a33;border-color:#b11a33;border-top-width:3px;\"><\/div><\/div><\/div><\/div><div class=\"fusion-layout-column fusion_builder_column fusion-builder-column-4 fusion_builder_column_2_3 2_3 fusion-flex-column\" style=\"--awb-bg-size:cover;--awb-width-large:66.666666666667%;--awb-margin-top-large:0px;--awb-spacing-right-large:3.84%;--awb-margin-bottom-large:20px;--awb-spacing-left-large:2.88%;--awb-width-medium:66.666666666667%;--awb-spacing-right-medium:3.84%;--awb-spacing-left-medium:2.88%;--awb-width-small:100%;--awb-spacing-right-small:1.92%;--awb-spacing-left-small:1.92%;\"><div class=\"fusion-column-wrapper fusion-flex-justify-content-flex-start fusion-content-layout-column\"><\/div><\/div><div class=\"fusion-layout-column fusion_builder_column fusion-builder-column-5 fusion_builder_column_1_3 1_3 fusion-flex-column\" style=\"--awb-bg-size:cover;--awb-width-large:33.333333333333%;--awb-margin-top-large:0px;--awb-spacing-right-large:5.76%;--awb-margin-bottom-large:20px;--awb-spacing-left-large:3.8399999999999%;--awb-width-medium:33.333333333333%;--awb-spacing-right-medium:5.76%;--awb-spacing-left-medium:3.8399999999999%;--awb-width-small:100%;--awb-spacing-right-small:1.92%;--awb-spacing-left-small:1.92%;\"><div class=\"fusion-column-wrapper fusion-flex-justify-content-flex-start fusion-content-layout-column\"><div class=\"fusion-image-element \" style=\"--awb-caption-title-font-family:var(--h2_typography-font-family);--awb-caption-title-font-weight:var(--h2_typography-font-weight);--awb-caption-title-font-style:var(--h2_typography-font-style);--awb-caption-title-size:var(--h2_typography-font-size);--awb-caption-title-transform:var(--h2_typography-text-transform);--awb-caption-title-line-height:var(--h2_typography-line-height);--awb-caption-title-letter-spacing:var(--h2_typography-letter-spacing);\"><span class=\" fusion-imageframe imageframe-none imageframe-2 hover-type-none\" class=\"image-magnify\" class=\"image-scroll\"><img decoding=\"async\" width=\"596\" height=\"133\" title=\"Datacol-Producto\" src=\"https:\/\/datacolchannel.es\/wp-content\/uploads\/2017\/07\/DatacolNews_-10.png\" alt class=\"img-responsive wp-image-6574\" srcset=\"https:\/\/datacolchannel.es\/wp-content\/uploads\/2017\/07\/DatacolNews_-10-200x45.png 200w, https:\/\/datacolchannel.es\/wp-content\/uploads\/2017\/07\/DatacolNews_-10-400x89.png 400w, https:\/\/datacolchannel.es\/wp-content\/uploads\/2017\/07\/DatacolNews_-10.png 596w\" sizes=\"(max-width: 640px) 100vw, 596px\" \/><\/span><\/div><\/div><\/div><\/div><\/div>\n","protected":false},"excerpt":{"rendered":"","protected":false},"author":1,"featured_media":0,"parent":0,"menu_order":0,"comment_status":"closed","ping_status":"closed","template":"","meta":[],"yoast_head":"<!-- This site is optimized with the Yoast SEO plugin v20.12 - https:\/\/yoast.com\/wordpress\/plugins\/seo\/ -->\n<title>QU\u00cdMICOS, M\u00c1QUINAS E ACESS\u00d3RIOS | DATACOL CHANNEL<\/title>\n<meta name=\"robots\" content=\"index, follow, max-snippet:-1, max-image-preview:large, max-video-preview:-1\" \/>\n<link rel=\"canonical\" href=\"https:\/\/datacolchannel.es\/pt-pt\/quimicos-maquinas-e-acessorios\/\" \/>\n<meta property=\"og:locale\" content=\"pt_PT\" \/>\n<meta property=\"og:type\" content=\"article\" \/>\n<meta property=\"og:title\" content=\"QU\u00cdMICOS, M\u00c1QUINAS E ACESS\u00d3RIOS | DATACOL CHANNEL\" \/>\n<meta property=\"og:url\" content=\"https:\/\/datacolchannel.es\/pt-pt\/quimicos-maquinas-e-acessorios\/\" \/>\n<meta property=\"og:site_name\" content=\"DATACOL CHANNEL\" \/>\n<meta property=\"article:modified_time\" content=\"2022-06-28T14:03:03+00:00\" \/>\n<meta name=\"twitter:card\" content=\"summary_large_image\" \/>\n<meta name=\"twitter:label1\" content=\"Tempo estimado de leitura\" \/>\n\t<meta name=\"twitter:data1\" content=\"4 minutos\" \/>\n<script type=\"application\/ld+json\" class=\"yoast-schema-graph\">{\"@context\":\"https:\/\/schema.org\",\"@graph\":[{\"@type\":\"WebPage\",\"@id\":\"https:\/\/datacolchannel.es\/pt-pt\/quimicos-maquinas-e-acessorios\/\",\"url\":\"https:\/\/datacolchannel.es\/pt-pt\/quimicos-maquinas-e-acessorios\/\",\"name\":\"QU\u00cdMICOS, M\u00c1QUINAS E ACESS\u00d3RIOS | DATACOL CHANNEL\",\"isPartOf\":{\"@id\":\"https:\/\/datacolchannel.es\/#website\"},\"datePublished\":\"2020-04-23T10:43:32+00:00\",\"dateModified\":\"2022-06-28T14:03:03+00:00\",\"breadcrumb\":{\"@id\":\"https:\/\/datacolchannel.es\/pt-pt\/quimicos-maquinas-e-acessorios\/#breadcrumb\"},\"inLanguage\":\"pt-PT\",\"potentialAction\":[{\"@type\":\"ReadAction\",\"target\":[\"https:\/\/datacolchannel.es\/pt-pt\/quimicos-maquinas-e-acessorios\/\"]}]},{\"@type\":\"BreadcrumbList\",\"@id\":\"https:\/\/datacolchannel.es\/pt-pt\/quimicos-maquinas-e-acessorios\/#breadcrumb\",\"itemListElement\":[{\"@type\":\"ListItem\",\"position\":1,\"name\":\"Portada\",\"item\":\"https:\/\/datacolchannel.es\/pt-pt\/\"},{\"@type\":\"ListItem\",\"position\":2,\"name\":\"QU\u00cdMICOS, M\u00c1QUINAS E ACESS\u00d3RIOS\"}]},{\"@type\":\"WebSite\",\"@id\":\"https:\/\/datacolchannel.es\/#website\",\"url\":\"https:\/\/datacolchannel.es\/\",\"name\":\"DATACOL CHANNEL\",\"description\":\"Informaci&oacute;n de la actualidad y el producto DATACOL\",\"publisher\":{\"@id\":\"https:\/\/datacolchannel.es\/#organization\"},\"potentialAction\":[{\"@type\":\"SearchAction\",\"target\":{\"@type\":\"EntryPoint\",\"urlTemplate\":\"https:\/\/datacolchannel.es\/?s={search_term_string}\"},\"query-input\":\"required name=search_term_string\"}],\"inLanguage\":\"pt-PT\"},{\"@type\":\"Organization\",\"@id\":\"https:\/\/datacolchannel.es\/#organization\",\"name\":\"DATACOL CHANNEL\",\"url\":\"https:\/\/datacolchannel.es\/\",\"logo\":{\"@type\":\"ImageObject\",\"inLanguage\":\"pt-PT\",\"@id\":\"https:\/\/datacolchannel.es\/#\/schema\/logo\/image\/\",\"url\":\"https:\/\/datacolchannel.es\/wp-content\/uploads\/2017\/05\/INFO_2D_DATACOL_LOGOTIPO_200x102px.png\",\"contentUrl\":\"https:\/\/datacolchannel.es\/wp-content\/uploads\/2017\/05\/INFO_2D_DATACOL_LOGOTIPO_200x102px.png\",\"width\":200,\"height\":102,\"caption\":\"DATACOL CHANNEL\"},\"image\":{\"@id\":\"https:\/\/datacolchannel.es\/#\/schema\/logo\/image\/\"}}]}<\/script>\n<!-- \/ Yoast SEO plugin. -->","yoast_head_json":{"title":"QU\u00cdMICOS, M\u00c1QUINAS E ACESS\u00d3RIOS | DATACOL CHANNEL","robots":{"index":"index","follow":"follow","max-snippet":"max-snippet:-1","max-image-preview":"max-image-preview:large","max-video-preview":"max-video-preview:-1"},"canonical":"https:\/\/datacolchannel.es\/pt-pt\/quimicos-maquinas-e-acessorios\/","og_locale":"pt_PT","og_type":"article","og_title":"QU\u00cdMICOS, M\u00c1QUINAS E ACESS\u00d3RIOS | DATACOL CHANNEL","og_url":"https:\/\/datacolchannel.es\/pt-pt\/quimicos-maquinas-e-acessorios\/","og_site_name":"DATACOL CHANNEL","article_modified_time":"2022-06-28T14:03:03+00:00","twitter_card":"summary_large_image","twitter_misc":{"Tempo estimado de leitura":"4 minutos"},"schema":{"@context":"https:\/\/schema.org","@graph":[{"@type":"WebPage","@id":"https:\/\/datacolchannel.es\/pt-pt\/quimicos-maquinas-e-acessorios\/","url":"https:\/\/datacolchannel.es\/pt-pt\/quimicos-maquinas-e-acessorios\/","name":"QU\u00cdMICOS, M\u00c1QUINAS E ACESS\u00d3RIOS | DATACOL CHANNEL","isPartOf":{"@id":"https:\/\/datacolchannel.es\/#website"},"datePublished":"2020-04-23T10:43:32+00:00","dateModified":"2022-06-28T14:03:03+00:00","breadcrumb":{"@id":"https:\/\/datacolchannel.es\/pt-pt\/quimicos-maquinas-e-acessorios\/#breadcrumb"},"inLanguage":"pt-PT","potentialAction":[{"@type":"ReadAction","target":["https:\/\/datacolchannel.es\/pt-pt\/quimicos-maquinas-e-acessorios\/"]}]},{"@type":"BreadcrumbList","@id":"https:\/\/datacolchannel.es\/pt-pt\/quimicos-maquinas-e-acessorios\/#breadcrumb","itemListElement":[{"@type":"ListItem","position":1,"name":"Portada","item":"https:\/\/datacolchannel.es\/pt-pt\/"},{"@type":"ListItem","position":2,"name":"QU\u00cdMICOS, M\u00c1QUINAS E ACESS\u00d3RIOS"}]},{"@type":"WebSite","@id":"https:\/\/datacolchannel.es\/#website","url":"https:\/\/datacolchannel.es\/","name":"DATACOL CHANNEL","description":"Informaci&oacute;n de la actualidad y el producto DATACOL","publisher":{"@id":"https:\/\/datacolchannel.es\/#organization"},"potentialAction":[{"@type":"SearchAction","target":{"@type":"EntryPoint","urlTemplate":"https:\/\/datacolchannel.es\/?s={search_term_string}"},"query-input":"required name=search_term_string"}],"inLanguage":"pt-PT"},{"@type":"Organization","@id":"https:\/\/datacolchannel.es\/#organization","name":"DATACOL CHANNEL","url":"https:\/\/datacolchannel.es\/","logo":{"@type":"ImageObject","inLanguage":"pt-PT","@id":"https:\/\/datacolchannel.es\/#\/schema\/logo\/image\/","url":"https:\/\/datacolchannel.es\/wp-content\/uploads\/2017\/05\/INFO_2D_DATACOL_LOGOTIPO_200x102px.png","contentUrl":"https:\/\/datacolchannel.es\/wp-content\/uploads\/2017\/05\/INFO_2D_DATACOL_LOGOTIPO_200x102px.png","width":200,"height":102,"caption":"DATACOL CHANNEL"},"image":{"@id":"https:\/\/datacolchannel.es\/#\/schema\/logo\/image\/"}}]}},"_links":{"self":[{"href":"https:\/\/datacolchannel.es\/pt-pt\/wp-json\/wp\/v2\/pages\/9989"}],"collection":[{"href":"https:\/\/datacolchannel.es\/pt-pt\/wp-json\/wp\/v2\/pages"}],"about":[{"href":"https:\/\/datacolchannel.es\/pt-pt\/wp-json\/wp\/v2\/types\/page"}],"author":[{"embeddable":true,"href":"https:\/\/datacolchannel.es\/pt-pt\/wp-json\/wp\/v2\/users\/1"}],"replies":[{"embeddable":true,"href":"https:\/\/datacolchannel.es\/pt-pt\/wp-json\/wp\/v2\/comments?post=9989"}],"version-history":[{"count":0,"href":"https:\/\/datacolchannel.es\/pt-pt\/wp-json\/wp\/v2\/pages\/9989\/revisions"}],"wp:attachment":[{"href":"https:\/\/datacolchannel.es\/pt-pt\/wp-json\/wp\/v2\/media?parent=9989"}],"curies":[{"name":"wp","href":"https:\/\/api.w.org\/{rel}","templated":true}]}}