{"id":8974,"date":"2021-04-26T17:25:14","date_gmt":"2021-04-26T17:25:14","guid":{"rendered":"https:\/\/datacolchannel.es\/aviso-legal\/"},"modified":"2023-04-01T11:31:49","modified_gmt":"2023-04-01T11:31:49","slug":"aviso-legal","status":"publish","type":"page","link":"https:\/\/datacolchannel.es\/pt-pt\/aviso-legal\/","title":{"rendered":"Aviso Legal"},"content":{"rendered":"<p>DATACOL HISPANIA, S.L., em conformidade com o artigo 10 da Lei 34\/2002 de Servi\u00e7os da Sociedade da Informa\u00e7\u00e3o e Com\u00e9rcio Eletr\u00f4nico, informa:<\/p>\n<p>Que \u00e9 titular do dom\u00ednio e do s\u00edtio Web www.datacolchannel.es.<\/p>\n<p>Que os seus dados de identifica\u00e7\u00e3o e de contacto s\u00e3o:<\/p>\n<p>DATACOL HISPANIA, S.L.<\/p>\n<p>C\/ BAZA, PARC. 347 &#8211; Polig. Ind. Juncaril &#8211;<\/p>\n<p>ALBOLOTE (GRANADA)<\/p>\n<p>N.I.F. B18884718<\/p>\n<p>Que se encontra inscrita no Registro Mercantil de Granada com o n\u00famero B18884718 no tomo 1336, Sec. 8, L. Soc., F.40 N\u00ba 35863 Inscri\u00e7\u00e3o 1\u00aa.<\/p>\n<p>&nbsp;<\/p>\n<p>A utiliza\u00e7\u00e3o do S\u00edtio Web outorga a condi\u00e7\u00e3o de usu\u00e1rio e implica a plena aceita\u00e7\u00e3o de todas as disposi\u00e7\u00f5es contidas neste Aviso Legal, na Pol\u00edtica de Privacidade e na de Cookies. Se o usu\u00e1rio n\u00e3o concordar com as condi\u00e7\u00f5es aqui estabelecidas, deve recusar o acesso e a utiliza\u00e7\u00e3o do S\u00edtio Web.<\/p>\n<p>&nbsp;<\/p>\n<p>O conte\u00fado do S\u00edtio \u00e9 propriedade da DATACOL HISPANIA, S.L., e \u00e9 proibido qualquer tipo de c\u00f3pia ou reprodu\u00e7\u00e3o de todo ou parte do conte\u00fado sem autoriza\u00e7\u00e3o expressa de seu propriet\u00e1rio.<\/p>\n<p>&nbsp;<\/p>\n<p>O usu\u00e1rio do S\u00edtio Web compromete-se a fazer um uso adequado do mesmo, a n\u00e3o utiliz\u00e1-lo para pr\u00e1ticas contr\u00e1rias \u00e0 Lei ou \u00e0 boa f\u00e9 e a n\u00e3o provocar danos nos sistemas f\u00edsicos e l\u00f3gicos da DATACOL HISPANIA, S.L.<\/p>\n","protected":false},"excerpt":{"rendered":"<p>DATACOL HISPANIA, S.L., em conformidade com o artigo 10 da Lei 34\/2002 de Servi\u00e7os da Sociedade da Informa\u00e7\u00e3o e Com\u00e9rcio Eletr\u00f4nico, informa: Que \u00e9 titular do dom\u00ednio e do s\u00edtio Web www.datacolchannel.es. Que os seus dados de identifica\u00e7\u00e3o e de contacto s\u00e3o: DATACOL HISPANIA, S.L. [&hellip;]<\/p>\n","protected":false},"author":4,"featured_media":0,"parent":0,"menu_order":0,"comment_status":"closed","ping_status":"closed","template":"","meta":[],"yoast_head":"<!-- This site is optimized with the Yoast SEO plugin v20.12 - https:\/\/yoast.com\/wordpress\/plugins\/seo\/ -->\n<title>Aviso Legal | DATACOL CHANNEL<\/title>\n<meta name=\"robots\" content=\"index, follow, max-snippet:-1, max-image-preview:large, max-video-preview:-1\" \/>\n<link rel=\"canonical\" href=\"https:\/\/datacolchannel.es\/pt-pt\/aviso-legal\/\" \/>\n<meta property=\"og:locale\" content=\"pt_PT\" \/>\n<meta property=\"og:type\" content=\"article\" \/>\n<meta property=\"og:title\" content=\"Aviso Legal | DATACOL CHANNEL\" \/>\n<meta property=\"og:description\" content=\"DATACOL HISPANIA, S.L., em conformidade com o artigo 10 da Lei 34\/2002 de Servi\u00e7os da Sociedade da Informa\u00e7\u00e3o e Com\u00e9rcio Eletr\u00f4nico, informa: Que \u00e9 titular do dom\u00ednio e do s\u00edtio Web www.datacolchannel.es. Que os seus dados de identifica\u00e7\u00e3o e de contacto s\u00e3o: DATACOL HISPANIA, S.L. [&hellip;]\" \/>\n<meta property=\"og:url\" content=\"https:\/\/datacolchannel.es\/pt-pt\/aviso-legal\/\" \/>\n<meta property=\"og:site_name\" content=\"DATACOL CHANNEL\" \/>\n<meta property=\"article:modified_time\" content=\"2023-04-01T11:31:49+00:00\" \/>\n<meta name=\"twitter:card\" content=\"summary_large_image\" \/>\n<meta name=\"twitter:label1\" content=\"Tempo estimado de leitura\" \/>\n\t<meta name=\"twitter:data1\" content=\"1 minuto\" \/>\n<script type=\"application\/ld+json\" class=\"yoast-schema-graph\">{\"@context\":\"https:\/\/schema.org\",\"@graph\":[{\"@type\":\"WebPage\",\"@id\":\"https:\/\/datacolchannel.es\/pt-pt\/aviso-legal\/\",\"url\":\"https:\/\/datacolchannel.es\/pt-pt\/aviso-legal\/\",\"name\":\"Aviso Legal | DATACOL CHANNEL\",\"isPartOf\":{\"@id\":\"https:\/\/datacolchannel.es\/#website\"},\"datePublished\":\"2021-04-26T17:25:14+00:00\",\"dateModified\":\"2023-04-01T11:31:49+00:00\",\"breadcrumb\":{\"@id\":\"https:\/\/datacolchannel.es\/pt-pt\/aviso-legal\/#breadcrumb\"},\"inLanguage\":\"pt-PT\",\"potentialAction\":[{\"@type\":\"ReadAction\",\"target\":[\"https:\/\/datacolchannel.es\/pt-pt\/aviso-legal\/\"]}]},{\"@type\":\"BreadcrumbList\",\"@id\":\"https:\/\/datacolchannel.es\/pt-pt\/aviso-legal\/#breadcrumb\",\"itemListElement\":[{\"@type\":\"ListItem\",\"position\":1,\"name\":\"Portada\",\"item\":\"https:\/\/datacolchannel.es\/pt-pt\/\"},{\"@type\":\"ListItem\",\"position\":2,\"name\":\"Aviso Legal\"}]},{\"@type\":\"WebSite\",\"@id\":\"https:\/\/datacolchannel.es\/#website\",\"url\":\"https:\/\/datacolchannel.es\/\",\"name\":\"DATACOL CHANNEL\",\"description\":\"Informaci&oacute;n de la actualidad y el producto DATACOL\",\"publisher\":{\"@id\":\"https:\/\/datacolchannel.es\/#organization\"},\"potentialAction\":[{\"@type\":\"SearchAction\",\"target\":{\"@type\":\"EntryPoint\",\"urlTemplate\":\"https:\/\/datacolchannel.es\/?s={search_term_string}\"},\"query-input\":\"required name=search_term_string\"}],\"inLanguage\":\"pt-PT\"},{\"@type\":\"Organization\",\"@id\":\"https:\/\/datacolchannel.es\/#organization\",\"name\":\"DATACOL CHANNEL\",\"url\":\"https:\/\/datacolchannel.es\/\",\"logo\":{\"@type\":\"ImageObject\",\"inLanguage\":\"pt-PT\",\"@id\":\"https:\/\/datacolchannel.es\/#\/schema\/logo\/image\/\",\"url\":\"https:\/\/datacolchannel.es\/wp-content\/uploads\/2017\/05\/INFO_2D_DATACOL_LOGOTIPO_200x102px.png\",\"contentUrl\":\"https:\/\/datacolchannel.es\/wp-content\/uploads\/2017\/05\/INFO_2D_DATACOL_LOGOTIPO_200x102px.png\",\"width\":200,\"height\":102,\"caption\":\"DATACOL CHANNEL\"},\"image\":{\"@id\":\"https:\/\/datacolchannel.es\/#\/schema\/logo\/image\/\"}}]}<\/script>\n<!-- \/ Yoast SEO plugin. -->","yoast_head_json":{"title":"Aviso Legal | DATACOL CHANNEL","robots":{"index":"index","follow":"follow","max-snippet":"max-snippet:-1","max-image-preview":"max-image-preview:large","max-video-preview":"max-video-preview:-1"},"canonical":"https:\/\/datacolchannel.es\/pt-pt\/aviso-legal\/","og_locale":"pt_PT","og_type":"article","og_title":"Aviso Legal | DATACOL CHANNEL","og_description":"DATACOL HISPANIA, S.L., em conformidade com o artigo 10 da Lei 34\/2002 de Servi\u00e7os da Sociedade da Informa\u00e7\u00e3o e Com\u00e9rcio Eletr\u00f4nico, informa: Que \u00e9 titular do dom\u00ednio e do s\u00edtio Web www.datacolchannel.es. Que os seus dados de identifica\u00e7\u00e3o e de contacto s\u00e3o: DATACOL HISPANIA, S.L. [&hellip;]","og_url":"https:\/\/datacolchannel.es\/pt-pt\/aviso-legal\/","og_site_name":"DATACOL CHANNEL","article_modified_time":"2023-04-01T11:31:49+00:00","twitter_card":"summary_large_image","twitter_misc":{"Tempo estimado de leitura":"1 minuto"},"schema":{"@context":"https:\/\/schema.org","@graph":[{"@type":"WebPage","@id":"https:\/\/datacolchannel.es\/pt-pt\/aviso-legal\/","url":"https:\/\/datacolchannel.es\/pt-pt\/aviso-legal\/","name":"Aviso Legal | DATACOL CHANNEL","isPartOf":{"@id":"https:\/\/datacolchannel.es\/#website"},"datePublished":"2021-04-26T17:25:14+00:00","dateModified":"2023-04-01T11:31:49+00:00","breadcrumb":{"@id":"https:\/\/datacolchannel.es\/pt-pt\/aviso-legal\/#breadcrumb"},"inLanguage":"pt-PT","potentialAction":[{"@type":"ReadAction","target":["https:\/\/datacolchannel.es\/pt-pt\/aviso-legal\/"]}]},{"@type":"BreadcrumbList","@id":"https:\/\/datacolchannel.es\/pt-pt\/aviso-legal\/#breadcrumb","itemListElement":[{"@type":"ListItem","position":1,"name":"Portada","item":"https:\/\/datacolchannel.es\/pt-pt\/"},{"@type":"ListItem","position":2,"name":"Aviso Legal"}]},{"@type":"WebSite","@id":"https:\/\/datacolchannel.es\/#website","url":"https:\/\/datacolchannel.es\/","name":"DATACOL CHANNEL","description":"Informaci&oacute;n de la actualidad y el producto DATACOL","publisher":{"@id":"https:\/\/datacolchannel.es\/#organization"},"potentialAction":[{"@type":"SearchAction","target":{"@type":"EntryPoint","urlTemplate":"https:\/\/datacolchannel.es\/?s={search_term_string}"},"query-input":"required name=search_term_string"}],"inLanguage":"pt-PT"},{"@type":"Organization","@id":"https:\/\/datacolchannel.es\/#organization","name":"DATACOL CHANNEL","url":"https:\/\/datacolchannel.es\/","logo":{"@type":"ImageObject","inLanguage":"pt-PT","@id":"https:\/\/datacolchannel.es\/#\/schema\/logo\/image\/","url":"https:\/\/datacolchannel.es\/wp-content\/uploads\/2017\/05\/INFO_2D_DATACOL_LOGOTIPO_200x102px.png","contentUrl":"https:\/\/datacolchannel.es\/wp-content\/uploads\/2017\/05\/INFO_2D_DATACOL_LOGOTIPO_200x102px.png","width":200,"height":102,"caption":"DATACOL CHANNEL"},"image":{"@id":"https:\/\/datacolchannel.es\/#\/schema\/logo\/image\/"}}]}},"_links":{"self":[{"href":"https:\/\/datacolchannel.es\/pt-pt\/wp-json\/wp\/v2\/pages\/8974"}],"collection":[{"href":"https:\/\/datacolchannel.es\/pt-pt\/wp-json\/wp\/v2\/pages"}],"about":[{"href":"https:\/\/datacolchannel.es\/pt-pt\/wp-json\/wp\/v2\/types\/page"}],"author":[{"embeddable":true,"href":"https:\/\/datacolchannel.es\/pt-pt\/wp-json\/wp\/v2\/users\/4"}],"replies":[{"embeddable":true,"href":"https:\/\/datacolchannel.es\/pt-pt\/wp-json\/wp\/v2\/comments?post=8974"}],"version-history":[{"count":1,"href":"https:\/\/datacolchannel.es\/pt-pt\/wp-json\/wp\/v2\/pages\/8974\/revisions"}],"predecessor-version":[{"id":11579,"href":"https:\/\/datacolchannel.es\/pt-pt\/wp-json\/wp\/v2\/pages\/8974\/revisions\/11579"}],"wp:attachment":[{"href":"https:\/\/datacolchannel.es\/pt-pt\/wp-json\/wp\/v2\/media?parent=8974"}],"curies":[{"name":"wp","href":"https:\/\/api.w.org\/{rel}","templated":true}]}}