{"id":8919,"date":"2021-06-17T05:44:33","date_gmt":"2021-06-17T05:44:33","guid":{"rendered":"https:\/\/datacolchannel.es\/inicio\/"},"modified":"2023-03-31T12:37:05","modified_gmt":"2023-03-31T12:37:05","slug":"inicio","status":"publish","type":"page","link":"https:\/\/datacolchannel.es\/pt-pt\/","title":{"rendered":"In\u00edcio"},"content":{"rendered":"<p><div class=\"fusion-fullwidth fullwidth-box fusion-builder-row-1 fusion-flex-container video-background has-pattern-background has-mask-background hundred-percent-fullwidth hundred-percent-height hundred-percent-height-center-content non-hundred-percent-height-scrolling\" style=\"--awb-border-radius-top-left:0px;--awb-border-radius-top-right:0px;--awb-border-radius-bottom-right:0px;--awb-border-radius-bottom-left:0px;--awb-background-image:linear-gradient(180deg, rgba(255,255,255,0) 0%,var(--awb-color8) 100%);\" ><div class=\"fullwidth-video\"><video preload=\"auto\" autoplay playsinline loop muted><source src=\"https:\/\/datacolchannel.es\/wp-content\/uploads\/2017\/05\/Datacol_Channel_Intro_WEB_001.mp4\" type=\"video\/mp4\"><\/video><\/div><div class=\"fullwidth-overlay\" style=\"background-image: linear-gradient(180deg, rgba(255,255,255,0) 0%,var(--awb-color8) 100%);\"><\/div><div class=\"fusion-builder-row fusion-row fusion-flex-align-items-center\" style=\"width:104% !important;max-width:104% !important;margin-left: calc(-4% \/ 2 );margin-right: calc(-4% \/ 2 );\"><div class=\"fusion-layout-column fusion_builder_column fusion-builder-column-0 fusion_builder_column_1_5 1_5 fusion-flex-column\" style=\"--awb-bg-size:cover;--awb-width-large:20%;--awb-margin-top-large:0px;--awb-spacing-right-large:9.6%;--awb-margin-bottom-large:20px;--awb-spacing-left-large:9.6%;--awb-width-medium:20%;--awb-order-medium:0;--awb-spacing-right-medium:9.6%;--awb-spacing-left-medium:9.6%;--awb-width-small:100%;--awb-order-small:0;--awb-spacing-right-small:1.92%;--awb-spacing-left-small:1.92%;\"><div class=\"fusion-column-wrapper fusion-column-has-shadow fusion-flex-justify-content-flex-start fusion-content-layout-column\"><\/div><\/div><div class=\"fusion-layout-column fusion_builder_column fusion-builder-column-1 fusion_builder_column_3_5 3_5 fusion-flex-column\" style=\"--awb-bg-size:cover;--awb-width-large:60%;--awb-margin-top-large:0px;--awb-spacing-right-large:3.2%;--awb-margin-bottom-large:20px;--awb-spacing-left-large:3.2%;--awb-width-medium:60%;--awb-order-medium:0;--awb-spacing-right-medium:3.2%;--awb-spacing-left-medium:3.2%;--awb-width-small:100%;--awb-order-small:0;--awb-spacing-right-small:1.92%;--awb-spacing-left-small:1.92%;\"><div class=\"fusion-column-wrapper fusion-column-has-shadow fusion-flex-justify-content-flex-start fusion-content-layout-column\"><div class=\"fusion-image-element \" style=\"--awb-caption-title-font-family:var(--h2_typography-font-family);--awb-caption-title-font-weight:var(--h2_typography-font-weight);--awb-caption-title-font-style:var(--h2_typography-font-style);--awb-caption-title-size:var(--h2_typography-font-size);--awb-caption-title-transform:var(--h2_typography-text-transform);--awb-caption-title-line-height:var(--h2_typography-line-height);--awb-caption-title-letter-spacing:var(--h2_typography-letter-spacing);\"><span class=\" fusion-imageframe imageframe-none imageframe-1 hover-type-none\" class=\"image-magnify\" class=\"image-scroll\"><img decoding=\"async\" width=\"800\" height=\"275\" title=\"Logo-DATACOL-CHANNEL_2023\" src=\"https:\/\/datacolchannel.es\/wp-content\/uploads\/2023\/02\/Logo-DATACOL-CHANNEL_2023.png\" alt class=\"img-responsive wp-image-11321\" srcset=\"https:\/\/datacolchannel.es\/wp-content\/uploads\/2023\/02\/Logo-DATACOL-CHANNEL_2023-200x69.png 200w, https:\/\/datacolchannel.es\/wp-content\/uploads\/2023\/02\/Logo-DATACOL-CHANNEL_2023-400x138.png 400w, https:\/\/datacolchannel.es\/wp-content\/uploads\/2023\/02\/Logo-DATACOL-CHANNEL_2023-600x206.png 600w, https:\/\/datacolchannel.es\/wp-content\/uploads\/2023\/02\/Logo-DATACOL-CHANNEL_2023.png 800w\" sizes=\"(max-width: 640px) 100vw, 800px\" \/><\/span><\/div><\/div><\/div><div class=\"fusion-layout-column fusion_builder_column fusion-builder-column-2 fusion_builder_column_1_5 1_5 fusion-flex-column\" style=\"--awb-bg-size:cover;--awb-width-large:20%;--awb-margin-top-large:0px;--awb-spacing-right-large:9.6%;--awb-margin-bottom-large:20px;--awb-spacing-left-large:9.6%;--awb-width-medium:20%;--awb-order-medium:0;--awb-spacing-right-medium:9.6%;--awb-spacing-left-medium:9.6%;--awb-width-small:100%;--awb-order-small:0;--awb-spacing-right-small:1.92%;--awb-spacing-left-small:1.92%;\"><div class=\"fusion-column-wrapper fusion-column-has-shadow fusion-flex-justify-content-flex-start fusion-content-layout-column\"><\/div><\/div><\/div><\/div><div class=\"fusion-fullwidth fullwidth-box fusion-builder-row-2 fusion-flex-container hundred-percent-fullwidth non-hundred-percent-height-scrolling\" style=\"--awb-border-radius-top-left:0px;--awb-border-radius-top-right:0px;--awb-border-radius-bottom-right:0px;--awb-border-radius-bottom-left:0px;--awb-padding-top:0px;--awb-padding-right:0px;--awb-padding-bottom:0px;--awb-padding-left:0px;--awb-margin-top:0px;--awb-margin-bottom:0px;--awb-background-color:rgba(37,39,51,0);\" ><div class=\"fusion-builder-row fusion-row fusion-flex-align-items-stretch\" style=\"width:104% !important;max-width:104% !important;margin-left: calc(-4% \/ 2 );margin-right: calc(-4% \/ 2 );\"><div class=\"fusion-layout-column fusion_builder_column fusion-builder-column-3 fusion_builder_column_1_1 1_1 fusion-flex-column fusion-flex-align-self-flex-start fusion-column-no-min-height fusion-column-inner-bg-wrapper\" style=\"--awb-inner-bg-color:#cf1330;--awb-inner-bg-color-hover:#cf1330;--awb-inner-bg-size:cover;--awb-width-large:100%;--awb-margin-top-large:0px;--awb-spacing-right-large:1.92%;--awb-margin-bottom-large:20px;--awb-spacing-left-large:1.92%;--awb-width-medium:100%;--awb-spacing-right-medium:1.92%;--awb-spacing-left-medium:1.92%;--awb-width-small:100%;--awb-spacing-right-small:1.92%;--awb-spacing-left-small:1.92%;\"><span class=\"fusion-column-inner-bg hover-type-none\"><a class=\"fusion-column-anchor\" href=\"#not\u00edcias\"><span class=\"fusion-column-inner-bg-image\"><\/span><\/a><\/span><div class=\"fusion-column-wrapper fusion-flex-justify-content-flex-start fusion-content-layout-column\"><div class=\"fusion-separator fusion-full-width-sep\" style=\"align-self: center;margin-left: auto;margin-right: auto;margin-top:15px;margin-bottom:15px;width:100%;\"><\/div><div class=\"fusion-title title fusion-title-1 fusion-sep-none fusion-title-center fusion-title-text fusion-title-size-two\"><h2 class=\"title-heading-center fusion-responsive-typography-calculated\" style=\"margin:0;--fontSize:32;line-height:1.5;\"><i class=\"fb-icon-element-1 fb-icon-element fontawesome-icon fa fa-chevron-down circle-no fusion-text-flow\" style=\"--awb-iconcolor-hover:#ffffff;--awb-font-size:32px;--awb-margin-right:16px;\"><\/i>DATACOL<\/p><\/h2><\/div><\/div><\/div><\/div><\/div><div id=\"not\u00edcias\" class=\"fusion-container-anchor\"><div class=\"fusion-fullwidth fullwidth-box fusion-builder-row-3 fusion-flex-container nonhundred-percent-fullwidth non-hundred-percent-height-scrolling\" style=\"--awb-border-radius-top-left:0px;--awb-border-radius-top-right:0px;--awb-border-radius-bottom-right:0px;--awb-border-radius-bottom-left:0px;--awb-padding-top:0px;--awb-padding-right:0px;--awb-padding-bottom:0px;--awb-padding-left:4%;--awb-margin-top:-20px;--awb-margin-bottom:0px;--awb-background-color:rgba(37,39,51,0);\" ><div class=\"fusion-builder-row fusion-row fusion-flex-align-items-stretch\" style=\"max-width:93.6%;margin-left: calc(-4% \/ 2 );margin-right: calc(-4% \/ 2 );\"><div class=\"fusion-layout-column fusion_builder_column fusion-builder-column-4 fusion_builder_column_1_2 1_2 fusion-flex-column\" style=\"--awb-padding-top:50px;--awb-padding-right:50px;--awb-padding-bottom:50px;--awb-padding-left:50px;--awb-bg-size:cover;--awb-width-large:50%;--awb-margin-top-large:0px;--awb-spacing-right-large:3.84%;--awb-margin-bottom-large:20px;--awb-spacing-left-large:3.84%;--awb-width-medium:50%;--awb-spacing-right-medium:3.84%;--awb-spacing-left-medium:3.84%;--awb-width-small:100%;--awb-spacing-right-small:1.92%;--awb-spacing-left-small:1.92%;\"><div class=\"fusion-column-wrapper fusion-flex-justify-content-flex-start fusion-content-layout-column\"><div class=\"fusion-text fusion-text-1\"><p>DATACOL \u00e9 uma empresa de origem italiana, l\u00edder na comercializa\u00e7\u00e3o e venda direta de produtos de fixa\u00e7\u00e3o e ferramentas no setor Automotivo (Ve\u00edculos leves e pesados) e produtos profissionais para a Ind\u00fastria (Madeira, Metal, Constru\u00e7\u00e3o e Manuten\u00e7\u00e3o).<\/p>\n<p>A marca DATACOL nasceu em 1993 e rapidamente se tornou uma refer\u00eancia no mercado gra\u00e7as a sua vis\u00e3o de futuro e a uma pol\u00edtica empresarial de sucesso. Em 2003, a consolida\u00e7\u00e3o dos resultados econ\u00f3micos e o crescimento constante das vendas levaram a DATACOL a orientar \u00a0sua estrat\u00e9gia para al\u00e9m das fronteiras nacionais. Em 2003, estabeleceu-se na Fran\u00e7a, na \u00c1ustria em 2010, na Cro\u00e1cia em 2012, na Pol\u00f3nia em 2015 e na Su\u00ed\u00e7a em 2018.<\/p>\n<p>Em 2008, a DATACOL entra no mercado espanhol atrav\u00e9s da aquisi\u00e7\u00e3o de uma empresa espanhola de grande prest\u00edgio e, em 2015, ap\u00f3s um processo de fus\u00e3o, a empresa muda definitivamente o nome para DATACOL HISPANIA. Al\u00e9m disso, agora, em 2022, a DATACOL expande-se para o mercado portugu\u00eas.<\/p>\n<\/div><\/div><\/div><div class=\"fusion-layout-column fusion_builder_column fusion-builder-column-5 fusion_builder_column_1_2 1_2 fusion-flex-column\" style=\"--awb-bg-image:url(&#039;https:\/\/datacolchannel.es\/wp-content\/uploads\/2017\/05\/Datacol_Channel_news_image_seccion_home_02.jpg&#039;);--awb-bg-position:center center;--awb-bg-size:cover;--awb-width-large:50%;--awb-margin-top-large:0px;--awb-spacing-right-large:3.84%;--awb-margin-bottom-large:20px;--awb-spacing-left-large:3.84%;--awb-width-medium:50%;--awb-spacing-right-medium:3.84%;--awb-spacing-left-medium:3.84%;--awb-width-small:100%;--awb-spacing-right-small:1.92%;--awb-spacing-left-small:1.92%;\"><div class=\"fusion-column-wrapper fusion-flex-justify-content-flex-start fusion-content-layout-column fusion-empty-column-bg-image\" data-bg-url=\"https:\/\/datacolchannel.es\/wp-content\/uploads\/2017\/05\/Datacol_Channel_news_image_seccion_home_02.jpg\"><img class=\"fusion-empty-dims-img-placeholder fusion-no-large-visibility fusion-no-medium-visibility\" src=\"data:image\/svg+xml,%3Csvg%20xmlns%3D%27http%3A%2F%2Fwww.w3.org%2F2000%2Fsvg%27%20width%3D%271157%27%20height%3D%271237%27%20viewBox%3D%270%200%201157%201237%27%3E%3Crect%20width%3D%271157%27%20height%3D%271237%27%20fill-opacity%3D%220%22%2F%3E%3C%2Fsvg%3E\"><\/div><\/div><\/div><\/div><\/div><\/p>\n","protected":false},"excerpt":{"rendered":"","protected":false},"author":4,"featured_media":0,"parent":0,"menu_order":0,"comment_status":"closed","ping_status":"open","template":"100-width.php","meta":[],"yoast_head":"<!-- This site is optimized with the Yoast SEO plugin v20.12 - https:\/\/yoast.com\/wordpress\/plugins\/seo\/ -->\n<title>In\u00edcio | DATACOL CHANNEL<\/title>\n<meta name=\"robots\" content=\"index, follow, max-snippet:-1, max-image-preview:large, max-video-preview:-1\" \/>\n<link rel=\"canonical\" href=\"https:\/\/datacolchannel.es\/pt-pt\/\" \/>\n<meta property=\"og:locale\" content=\"pt_PT\" \/>\n<meta property=\"og:type\" content=\"article\" \/>\n<meta property=\"og:title\" content=\"In\u00edcio | DATACOL CHANNEL\" \/>\n<meta property=\"og:url\" content=\"https:\/\/datacolchannel.es\/pt-pt\/\" \/>\n<meta property=\"og:site_name\" content=\"DATACOL CHANNEL\" \/>\n<meta property=\"article:modified_time\" content=\"2023-03-31T12:37:05+00:00\" \/>\n<meta name=\"twitter:card\" content=\"summary_large_image\" \/>\n<meta name=\"twitter:label1\" content=\"Tempo estimado de leitura\" \/>\n\t<meta name=\"twitter:data1\" content=\"9 minutos\" \/>\n<script type=\"application\/ld+json\" class=\"yoast-schema-graph\">{\"@context\":\"https:\/\/schema.org\",\"@graph\":[{\"@type\":\"WebPage\",\"@id\":\"https:\/\/datacolchannel.es\/pt-pt\/\",\"url\":\"https:\/\/datacolchannel.es\/pt-pt\/\",\"name\":\"In\u00edcio | DATACOL CHANNEL\",\"isPartOf\":{\"@id\":\"https:\/\/datacolchannel.es\/#website\"},\"datePublished\":\"2021-06-17T05:44:33+00:00\",\"dateModified\":\"2023-03-31T12:37:05+00:00\",\"breadcrumb\":{\"@id\":\"https:\/\/datacolchannel.es\/pt-pt\/#breadcrumb\"},\"inLanguage\":\"pt-PT\",\"potentialAction\":[{\"@type\":\"ReadAction\",\"target\":[\"https:\/\/datacolchannel.es\/pt-pt\/\"]}]},{\"@type\":\"BreadcrumbList\",\"@id\":\"https:\/\/datacolchannel.es\/pt-pt\/#breadcrumb\",\"itemListElement\":[{\"@type\":\"ListItem\",\"position\":1,\"name\":\"Portada\",\"item\":\"https:\/\/datacolchannel.es\/pt-pt\/\"},{\"@type\":\"ListItem\",\"position\":2,\"name\":\"In\u00edcio\"}]},{\"@type\":\"WebSite\",\"@id\":\"https:\/\/datacolchannel.es\/#website\",\"url\":\"https:\/\/datacolchannel.es\/\",\"name\":\"DATACOL CHANNEL\",\"description\":\"Informaci&oacute;n de la actualidad y el producto DATACOL\",\"publisher\":{\"@id\":\"https:\/\/datacolchannel.es\/#organization\"},\"potentialAction\":[{\"@type\":\"SearchAction\",\"target\":{\"@type\":\"EntryPoint\",\"urlTemplate\":\"https:\/\/datacolchannel.es\/?s={search_term_string}\"},\"query-input\":\"required name=search_term_string\"}],\"inLanguage\":\"pt-PT\"},{\"@type\":\"Organization\",\"@id\":\"https:\/\/datacolchannel.es\/#organization\",\"name\":\"DATACOL CHANNEL\",\"url\":\"https:\/\/datacolchannel.es\/\",\"logo\":{\"@type\":\"ImageObject\",\"inLanguage\":\"pt-PT\",\"@id\":\"https:\/\/datacolchannel.es\/#\/schema\/logo\/image\/\",\"url\":\"https:\/\/datacolchannel.es\/wp-content\/uploads\/2017\/05\/INFO_2D_DATACOL_LOGOTIPO_200x102px.png\",\"contentUrl\":\"https:\/\/datacolchannel.es\/wp-content\/uploads\/2017\/05\/INFO_2D_DATACOL_LOGOTIPO_200x102px.png\",\"width\":200,\"height\":102,\"caption\":\"DATACOL CHANNEL\"},\"image\":{\"@id\":\"https:\/\/datacolchannel.es\/#\/schema\/logo\/image\/\"}}]}<\/script>\n<!-- \/ Yoast SEO plugin. -->","yoast_head_json":{"title":"In\u00edcio | DATACOL CHANNEL","robots":{"index":"index","follow":"follow","max-snippet":"max-snippet:-1","max-image-preview":"max-image-preview:large","max-video-preview":"max-video-preview:-1"},"canonical":"https:\/\/datacolchannel.es\/pt-pt\/","og_locale":"pt_PT","og_type":"article","og_title":"In\u00edcio | DATACOL CHANNEL","og_url":"https:\/\/datacolchannel.es\/pt-pt\/","og_site_name":"DATACOL CHANNEL","article_modified_time":"2023-03-31T12:37:05+00:00","twitter_card":"summary_large_image","twitter_misc":{"Tempo estimado de leitura":"9 minutos"},"schema":{"@context":"https:\/\/schema.org","@graph":[{"@type":"WebPage","@id":"https:\/\/datacolchannel.es\/pt-pt\/","url":"https:\/\/datacolchannel.es\/pt-pt\/","name":"In\u00edcio | DATACOL CHANNEL","isPartOf":{"@id":"https:\/\/datacolchannel.es\/#website"},"datePublished":"2021-06-17T05:44:33+00:00","dateModified":"2023-03-31T12:37:05+00:00","breadcrumb":{"@id":"https:\/\/datacolchannel.es\/pt-pt\/#breadcrumb"},"inLanguage":"pt-PT","potentialAction":[{"@type":"ReadAction","target":["https:\/\/datacolchannel.es\/pt-pt\/"]}]},{"@type":"BreadcrumbList","@id":"https:\/\/datacolchannel.es\/pt-pt\/#breadcrumb","itemListElement":[{"@type":"ListItem","position":1,"name":"Portada","item":"https:\/\/datacolchannel.es\/pt-pt\/"},{"@type":"ListItem","position":2,"name":"In\u00edcio"}]},{"@type":"WebSite","@id":"https:\/\/datacolchannel.es\/#website","url":"https:\/\/datacolchannel.es\/","name":"DATACOL CHANNEL","description":"Informaci&oacute;n de la actualidad y el producto DATACOL","publisher":{"@id":"https:\/\/datacolchannel.es\/#organization"},"potentialAction":[{"@type":"SearchAction","target":{"@type":"EntryPoint","urlTemplate":"https:\/\/datacolchannel.es\/?s={search_term_string}"},"query-input":"required name=search_term_string"}],"inLanguage":"pt-PT"},{"@type":"Organization","@id":"https:\/\/datacolchannel.es\/#organization","name":"DATACOL CHANNEL","url":"https:\/\/datacolchannel.es\/","logo":{"@type":"ImageObject","inLanguage":"pt-PT","@id":"https:\/\/datacolchannel.es\/#\/schema\/logo\/image\/","url":"https:\/\/datacolchannel.es\/wp-content\/uploads\/2017\/05\/INFO_2D_DATACOL_LOGOTIPO_200x102px.png","contentUrl":"https:\/\/datacolchannel.es\/wp-content\/uploads\/2017\/05\/INFO_2D_DATACOL_LOGOTIPO_200x102px.png","width":200,"height":102,"caption":"DATACOL CHANNEL"},"image":{"@id":"https:\/\/datacolchannel.es\/#\/schema\/logo\/image\/"}}]}},"_links":{"self":[{"href":"https:\/\/datacolchannel.es\/pt-pt\/wp-json\/wp\/v2\/pages\/8919"}],"collection":[{"href":"https:\/\/datacolchannel.es\/pt-pt\/wp-json\/wp\/v2\/pages"}],"about":[{"href":"https:\/\/datacolchannel.es\/pt-pt\/wp-json\/wp\/v2\/types\/page"}],"author":[{"embeddable":true,"href":"https:\/\/datacolchannel.es\/pt-pt\/wp-json\/wp\/v2\/users\/4"}],"replies":[{"embeddable":true,"href":"https:\/\/datacolchannel.es\/pt-pt\/wp-json\/wp\/v2\/comments?post=8919"}],"version-history":[{"count":2,"href":"https:\/\/datacolchannel.es\/pt-pt\/wp-json\/wp\/v2\/pages\/8919\/revisions"}],"predecessor-version":[{"id":11560,"href":"https:\/\/datacolchannel.es\/pt-pt\/wp-json\/wp\/v2\/pages\/8919\/revisions\/11560"}],"wp:attachment":[{"href":"https:\/\/datacolchannel.es\/pt-pt\/wp-json\/wp\/v2\/media?parent=8919"}],"curies":[{"name":"wp","href":"https:\/\/api.w.org\/{rel}","templated":true}]}}