{"id":10960,"date":"2022-09-17T06:03:08","date_gmt":"2022-09-17T06:03:08","guid":{"rendered":"https:\/\/datacolchannel.es\/manuais\/"},"modified":"2022-09-17T06:06:24","modified_gmt":"2022-09-17T06:06:24","slug":"manuais","status":"publish","type":"page","link":"https:\/\/datacolchannel.es\/pt-pt\/manuais\/","title":{"rendered":"Manuais"},"content":{"rendered":"<div class=\"fusion-fullwidth fullwidth-box fusion-builder-row-1 fusion-flex-container has-pattern-background has-mask-background nonhundred-percent-fullwidth non-hundred-percent-height-scrolling\" style=\"--awb-border-radius-top-left:0px;--awb-border-radius-top-right:0px;--awb-border-radius-bottom-right:0px;--awb-border-radius-bottom-left:0px;--awb-background-color:var(--awb-color7);\" ><div class=\"fusion-builder-row fusion-row fusion-flex-align-items-flex-start\" style=\"max-width:93.6%;margin-left: calc(-4% \/ 2 );margin-right: calc(-4% \/ 2 );\"><div class=\"fusion-layout-column fusion_builder_column fusion-builder-column-0 fusion_builder_column_2_3 2_3 fusion-flex-column\" style=\"--awb-bg-size:cover;--awb-width-large:66.666666666667%;--awb-margin-top-large:0px;--awb-spacing-right-large:2.88%;--awb-margin-bottom-large:20px;--awb-spacing-left-large:2.88%;--awb-width-medium:66.666666666667%;--awb-order-medium:0;--awb-spacing-right-medium:2.88%;--awb-spacing-left-medium:2.88%;--awb-width-small:100%;--awb-order-small:0;--awb-spacing-right-small:1.92%;--awb-spacing-left-small:1.92%;\"><div class=\"fusion-column-wrapper fusion-column-has-shadow fusion-flex-justify-content-flex-start fusion-content-layout-column\"><div class=\"fusion-title title fusion-title-1 fusion-title-text fusion-title-size-one\"><div class=\"title-sep-container title-sep-container-left fusion-no-large-visibility fusion-no-medium-visibility fusion-no-small-visibility\"><div class=\"title-sep sep- sep-solid\" style=\"border-color:#1d252d;\"><\/div><\/div><span class=\"awb-title-spacer fusion-no-large-visibility fusion-no-medium-visibility fusion-no-small-visibility\"><\/span><h1 class=\"title-heading-left fusion-responsive-typography-calculated\" style=\"margin:0;--fontSize:48;line-height:1.4;\">Manuais:<\/h1><span class=\"awb-title-spacer\"><\/span><div class=\"title-sep-container title-sep-container-right\"><div class=\"title-sep sep- sep-solid\" style=\"border-color:#1d252d;\"><\/div><\/div><\/div>\r\n\r\n\t\t\t<div class=\"download-attachments\">\r\n\t\r\n\t\t\t<h3 class=\"download-title\">Manuais<\/h3>\t\r\n\r\n\r\n\r\n\t<table class=\"da-attachments-dynatable\">\r\n\r\n\t\t<thead>\r\n\r\n\t\t\t\r\n\t\t\t<th class=\"attachment-title\">File<\/th>\r\n\r\n\t\t\t\r\n\t\t\t\r\n\t\t\t\r\n\t\t\t\r\n\t\t\t\r\n\t\t<\/thead>\r\n\r\n\t\t<tbody>\r\n\r\n\t\t\r\n\t\t\t\r\n\t\t\t<tr class=\"pdf\">\r\n\r\n\t\t\t\t\r\n\t\t\t\t<td class=\"attachment-title\">\r\n\r\n\t\t\t\t\t\t\t\t\t\t\t<img class=\"attachment-icon\" src=\"https:\/\/datacolchannel.es\/wp-content\/plugins\/download-attachments\/images\/ext\/pdf.gif\" alt=\"pdf\" \/> \r\n\t\t\t\t\t\r\n\t\t\t\t\t\r\n\t\t\t\t\t<a href=\"https:\/\/datacolchannel.es\/wp-content\/plugins\/download-attachments\/includes\/download.php?id=10963\" title=\"Manual Gen\u00e9rico para Ferramentas Pneum\u00e1ticas_portugu\u00eas\" class=\"attachment-link\">Manual Gen\u00e9rico para Ferramentas Pneum\u00e1ticas_portugu\u00eas<\/a>\r\n\t\t\t\t\t\r\n\t\t\t\t<\/td>\r\n\r\n\t\t\t\t\r\n\t\t\t\t\r\n\t\t\t\t\r\n\t\t\t\t\r\n\t\t\t\t\r\n\t\t\t\t\r\n\t\t\t\t\r\n\t\t\t\t\r\n\t\t\t<\/tr>\r\n\r\n\t\t\r\n\t\t<\/tbody>\r\n\r\n\t<\/table>\r\n\r\n\r\n\r\n\t<\/div>\r\n\n<\/div><\/div><div class=\"fusion-layout-column fusion_builder_column fusion-builder-column-1 fusion_builder_column_1_3 1_3 fusion-flex-column\" style=\"--awb-bg-size:cover;--awb-width-large:33.333333333333%;--awb-margin-top-large:0px;--awb-spacing-right-large:5.76%;--awb-margin-bottom-large:20px;--awb-spacing-left-large:5.76%;--awb-width-medium:33.333333333333%;--awb-order-medium:0;--awb-spacing-right-medium:5.76%;--awb-spacing-left-medium:5.76%;--awb-width-small:100%;--awb-order-small:0;--awb-spacing-right-small:1.92%;--awb-spacing-left-small:1.92%;\"><div class=\"fusion-column-wrapper fusion-column-has-shadow fusion-flex-justify-content-flex-start fusion-content-layout-column\"><div class=\"fusion-image-element \" style=\"--awb-caption-title-font-family:var(--h2_typography-font-family);--awb-caption-title-font-weight:var(--h2_typography-font-weight);--awb-caption-title-font-style:var(--h2_typography-font-style);--awb-caption-title-size:var(--h2_typography-font-size);--awb-caption-title-transform:var(--h2_typography-text-transform);--awb-caption-title-line-height:var(--h2_typography-line-height);--awb-caption-title-letter-spacing:var(--h2_typography-letter-spacing);\"><span class=\" fusion-imageframe imageframe-none imageframe-1 hover-type-none\" class=\"image-magnify\" class=\"image-scroll\"><img decoding=\"async\" width=\"597\" height=\"133\" title=\"Datacol-Producto\" src=\"https:\/\/datacolchannel.es\/wp-content\/uploads\/2017\/07\/DatacolNews_-02.png\" alt class=\"img-responsive wp-image-6573\" srcset=\"https:\/\/datacolchannel.es\/wp-content\/uploads\/2017\/07\/DatacolNews_-02-200x45.png 200w, https:\/\/datacolchannel.es\/wp-content\/uploads\/2017\/07\/DatacolNews_-02-400x89.png 400w, https:\/\/datacolchannel.es\/wp-content\/uploads\/2017\/07\/DatacolNews_-02.png 597w\" sizes=\"(max-width: 640px) 100vw, 597px\" \/><\/span><\/div><\/div><\/div><\/div><\/div>\n","protected":false},"excerpt":{"rendered":"","protected":false},"author":4,"featured_media":0,"parent":0,"menu_order":0,"comment_status":"closed","ping_status":"closed","template":"","meta":[],"yoast_head":"<!-- This site is optimized with the Yoast SEO plugin v20.12 - https:\/\/yoast.com\/wordpress\/plugins\/seo\/ -->\n<title>Manuais | DATACOL CHANNEL<\/title>\n<meta name=\"robots\" content=\"index, follow, max-snippet:-1, max-image-preview:large, max-video-preview:-1\" \/>\n<link rel=\"canonical\" href=\"https:\/\/datacolchannel.es\/pt-pt\/manuais\/\" \/>\n<meta property=\"og:locale\" content=\"pt_PT\" \/>\n<meta property=\"og:type\" content=\"article\" \/>\n<meta property=\"og:title\" content=\"Manuais | DATACOL CHANNEL\" \/>\n<meta property=\"og:url\" content=\"https:\/\/datacolchannel.es\/pt-pt\/manuais\/\" \/>\n<meta property=\"og:site_name\" content=\"DATACOL CHANNEL\" \/>\n<meta property=\"article:modified_time\" content=\"2022-09-17T06:06:24+00:00\" \/>\n<meta name=\"twitter:card\" content=\"summary_large_image\" \/>\n<meta name=\"twitter:label1\" content=\"Tempo estimado de leitura\" \/>\n\t<meta name=\"twitter:data1\" content=\"5 minutos\" \/>\n<script type=\"application\/ld+json\" class=\"yoast-schema-graph\">{\"@context\":\"https:\/\/schema.org\",\"@graph\":[{\"@type\":\"WebPage\",\"@id\":\"https:\/\/datacolchannel.es\/pt-pt\/manuais\/\",\"url\":\"https:\/\/datacolchannel.es\/pt-pt\/manuais\/\",\"name\":\"Manuais | DATACOL CHANNEL\",\"isPartOf\":{\"@id\":\"https:\/\/datacolchannel.es\/#website\"},\"datePublished\":\"2022-09-17T06:03:08+00:00\",\"dateModified\":\"2022-09-17T06:06:24+00:00\",\"breadcrumb\":{\"@id\":\"https:\/\/datacolchannel.es\/pt-pt\/manuais\/#breadcrumb\"},\"inLanguage\":\"pt-PT\",\"potentialAction\":[{\"@type\":\"ReadAction\",\"target\":[\"https:\/\/datacolchannel.es\/pt-pt\/manuais\/\"]}]},{\"@type\":\"BreadcrumbList\",\"@id\":\"https:\/\/datacolchannel.es\/pt-pt\/manuais\/#breadcrumb\",\"itemListElement\":[{\"@type\":\"ListItem\",\"position\":1,\"name\":\"Portada\",\"item\":\"https:\/\/datacolchannel.es\/pt-pt\/\"},{\"@type\":\"ListItem\",\"position\":2,\"name\":\"Manuais\"}]},{\"@type\":\"WebSite\",\"@id\":\"https:\/\/datacolchannel.es\/#website\",\"url\":\"https:\/\/datacolchannel.es\/\",\"name\":\"DATACOL CHANNEL\",\"description\":\"Informaci&oacute;n de la actualidad y el producto DATACOL\",\"publisher\":{\"@id\":\"https:\/\/datacolchannel.es\/#organization\"},\"potentialAction\":[{\"@type\":\"SearchAction\",\"target\":{\"@type\":\"EntryPoint\",\"urlTemplate\":\"https:\/\/datacolchannel.es\/?s={search_term_string}\"},\"query-input\":\"required name=search_term_string\"}],\"inLanguage\":\"pt-PT\"},{\"@type\":\"Organization\",\"@id\":\"https:\/\/datacolchannel.es\/#organization\",\"name\":\"DATACOL CHANNEL\",\"url\":\"https:\/\/datacolchannel.es\/\",\"logo\":{\"@type\":\"ImageObject\",\"inLanguage\":\"pt-PT\",\"@id\":\"https:\/\/datacolchannel.es\/#\/schema\/logo\/image\/\",\"url\":\"https:\/\/datacolchannel.es\/wp-content\/uploads\/2017\/05\/INFO_2D_DATACOL_LOGOTIPO_200x102px.png\",\"contentUrl\":\"https:\/\/datacolchannel.es\/wp-content\/uploads\/2017\/05\/INFO_2D_DATACOL_LOGOTIPO_200x102px.png\",\"width\":200,\"height\":102,\"caption\":\"DATACOL CHANNEL\"},\"image\":{\"@id\":\"https:\/\/datacolchannel.es\/#\/schema\/logo\/image\/\"}}]}<\/script>\n<!-- \/ Yoast SEO plugin. -->","yoast_head_json":{"title":"Manuais | DATACOL CHANNEL","robots":{"index":"index","follow":"follow","max-snippet":"max-snippet:-1","max-image-preview":"max-image-preview:large","max-video-preview":"max-video-preview:-1"},"canonical":"https:\/\/datacolchannel.es\/pt-pt\/manuais\/","og_locale":"pt_PT","og_type":"article","og_title":"Manuais | DATACOL CHANNEL","og_url":"https:\/\/datacolchannel.es\/pt-pt\/manuais\/","og_site_name":"DATACOL CHANNEL","article_modified_time":"2022-09-17T06:06:24+00:00","twitter_card":"summary_large_image","twitter_misc":{"Tempo estimado de leitura":"5 minutos"},"schema":{"@context":"https:\/\/schema.org","@graph":[{"@type":"WebPage","@id":"https:\/\/datacolchannel.es\/pt-pt\/manuais\/","url":"https:\/\/datacolchannel.es\/pt-pt\/manuais\/","name":"Manuais | DATACOL CHANNEL","isPartOf":{"@id":"https:\/\/datacolchannel.es\/#website"},"datePublished":"2022-09-17T06:03:08+00:00","dateModified":"2022-09-17T06:06:24+00:00","breadcrumb":{"@id":"https:\/\/datacolchannel.es\/pt-pt\/manuais\/#breadcrumb"},"inLanguage":"pt-PT","potentialAction":[{"@type":"ReadAction","target":["https:\/\/datacolchannel.es\/pt-pt\/manuais\/"]}]},{"@type":"BreadcrumbList","@id":"https:\/\/datacolchannel.es\/pt-pt\/manuais\/#breadcrumb","itemListElement":[{"@type":"ListItem","position":1,"name":"Portada","item":"https:\/\/datacolchannel.es\/pt-pt\/"},{"@type":"ListItem","position":2,"name":"Manuais"}]},{"@type":"WebSite","@id":"https:\/\/datacolchannel.es\/#website","url":"https:\/\/datacolchannel.es\/","name":"DATACOL CHANNEL","description":"Informaci&oacute;n de la actualidad y el producto DATACOL","publisher":{"@id":"https:\/\/datacolchannel.es\/#organization"},"potentialAction":[{"@type":"SearchAction","target":{"@type":"EntryPoint","urlTemplate":"https:\/\/datacolchannel.es\/?s={search_term_string}"},"query-input":"required name=search_term_string"}],"inLanguage":"pt-PT"},{"@type":"Organization","@id":"https:\/\/datacolchannel.es\/#organization","name":"DATACOL CHANNEL","url":"https:\/\/datacolchannel.es\/","logo":{"@type":"ImageObject","inLanguage":"pt-PT","@id":"https:\/\/datacolchannel.es\/#\/schema\/logo\/image\/","url":"https:\/\/datacolchannel.es\/wp-content\/uploads\/2017\/05\/INFO_2D_DATACOL_LOGOTIPO_200x102px.png","contentUrl":"https:\/\/datacolchannel.es\/wp-content\/uploads\/2017\/05\/INFO_2D_DATACOL_LOGOTIPO_200x102px.png","width":200,"height":102,"caption":"DATACOL CHANNEL"},"image":{"@id":"https:\/\/datacolchannel.es\/#\/schema\/logo\/image\/"}}]}},"_links":{"self":[{"href":"https:\/\/datacolchannel.es\/pt-pt\/wp-json\/wp\/v2\/pages\/10960"}],"collection":[{"href":"https:\/\/datacolchannel.es\/pt-pt\/wp-json\/wp\/v2\/pages"}],"about":[{"href":"https:\/\/datacolchannel.es\/pt-pt\/wp-json\/wp\/v2\/types\/page"}],"author":[{"embeddable":true,"href":"https:\/\/datacolchannel.es\/pt-pt\/wp-json\/wp\/v2\/users\/4"}],"replies":[{"embeddable":true,"href":"https:\/\/datacolchannel.es\/pt-pt\/wp-json\/wp\/v2\/comments?post=10960"}],"version-history":[{"count":0,"href":"https:\/\/datacolchannel.es\/pt-pt\/wp-json\/wp\/v2\/pages\/10960\/revisions"}],"wp:attachment":[{"href":"https:\/\/datacolchannel.es\/pt-pt\/wp-json\/wp\/v2\/media?parent=10960"}],"curies":[{"name":"wp","href":"https:\/\/api.w.org\/{rel}","templated":true}]}}