{"id":10817,"date":"2022-08-01T09:42:25","date_gmt":"2022-08-01T09:42:25","guid":{"rendered":"https:\/\/datacolchannel.es\/?page_id=10817"},"modified":"2022-08-01T09:42:37","modified_gmt":"2022-08-01T09:42:37","slug":"nossa-visao","status":"publish","type":"page","link":"https:\/\/datacolchannel.es\/pt-pt\/nossa-visao\/","title":{"rendered":"NOSSA VIS\u00c3O"},"content":{"rendered":"<p><div class=\"fusion-fullwidth fullwidth-box fusion-builder-row-1 fusion-flex-container nonhundred-percent-fullwidth non-hundred-percent-height-scrolling\" style=\"--awb-border-sizes-top:0px;--awb-border-sizes-bottom:0px;--awb-border-sizes-left:0px;--awb-border-sizes-right:0px;--awb-border-radius-top-left:0px;--awb-border-radius-top-right:0px;--awb-border-radius-bottom-right:0px;--awb-border-radius-bottom-left:0px;--awb-padding-top:120px;--awb-padding-right:30px;--awb-padding-bottom:120px;--awb-padding-left:30px;--awb-padding-top-medium:60px;--awb-padding-bottom-medium:60px;--awb-margin-top:0px;--awb-margin-bottom:0px;--awb-background-color:var(--awb-color1);\" ><div class=\"fusion-builder-row fusion-row fusion-flex-align-items-center\" style=\"max-width:93.6%;margin-left: calc(-4% \/ 2 );margin-right: calc(-4% \/ 2 );\"><div class=\"fusion-layout-column fusion_builder_column fusion-builder-column-0 fusion_builder_column_2_5 2_5 fusion-flex-column fusion-animated\" style=\"--awb-bg-size:cover;--awb-width-large:40%;--awb-margin-top-large:0px;--awb-spacing-right-large:6.4%;--awb-margin-bottom-large:0px;--awb-spacing-left-large:4.8%;--awb-width-medium:40%;--awb-spacing-right-medium:6.4%;--awb-spacing-left-medium:4.8%;--awb-width-small:100%;--awb-spacing-right-small:1.92%;--awb-margin-bottom-small:40px;--awb-spacing-left-small:1.92%;\" data-animationType=\"fadeInUp\" data-animationDuration=\"0.8\" data-animationOffset=\"top-into-view\"><div class=\"fusion-column-wrapper fusion-column-has-shadow fusion-flex-justify-content-flex-start fusion-content-layout-column\"><div class=\"fusion-image-element \" style=\"--awb-caption-title-font-family:var(--h2_typography-font-family);--awb-caption-title-font-weight:var(--h2_typography-font-weight);--awb-caption-title-font-style:var(--h2_typography-font-style);--awb-caption-title-size:var(--h2_typography-font-size);--awb-caption-title-transform:var(--h2_typography-text-transform);--awb-caption-title-line-height:var(--h2_typography-line-height);--awb-caption-title-letter-spacing:var(--h2_typography-letter-spacing);\"><span class=\" fusion-imageframe imageframe-none imageframe-1 hover-type-none\" class=\"image-magnify\" class=\"image-scroll\"><img decoding=\"async\" width=\"1080\" height=\"1080\" title=\"datacol_mujeres-hombres-valores-001\" src=\"https:\/\/datacolchannel.es\/wp-content\/uploads\/2022\/08\/datacol_mujeres-hombres-valores-001.png\" alt class=\"img-responsive wp-image-10811\" srcset=\"https:\/\/datacolchannel.es\/wp-content\/uploads\/2022\/08\/datacol_mujeres-hombres-valores-001-200x200.png 200w, https:\/\/datacolchannel.es\/wp-content\/uploads\/2022\/08\/datacol_mujeres-hombres-valores-001-400x400.png 400w, https:\/\/datacolchannel.es\/wp-content\/uploads\/2022\/08\/datacol_mujeres-hombres-valores-001-600x600.png 600w, https:\/\/datacolchannel.es\/wp-content\/uploads\/2022\/08\/datacol_mujeres-hombres-valores-001-800x800.png 800w, https:\/\/datacolchannel.es\/wp-content\/uploads\/2022\/08\/datacol_mujeres-hombres-valores-001.png 1080w\" sizes=\"(max-width: 640px) 100vw, 800px\" \/><\/span><\/div><\/div><\/div><div class=\"fusion-layout-column fusion_builder_column fusion-builder-column-1 fusion_builder_column_3_5 3_5 fusion-flex-column fusion-animated\" style=\"--awb-bg-size:cover;--awb-width-large:60%;--awb-margin-top-large:0px;--awb-spacing-right-large:3.2%;--awb-margin-bottom-large:20px;--awb-spacing-left-large:8.5333333333333%;--awb-width-medium:60%;--awb-spacing-right-medium:3.2%;--awb-spacing-left-medium:8.5333333333333%;--awb-width-small:100%;--awb-spacing-right-small:1.92%;--awb-margin-bottom-small:0px;--awb-spacing-left-small:1.92%;\" data-animationType=\"fadeInUp\" data-animationDuration=\"1.0\" data-animationOffset=\"top-into-view\"><div class=\"fusion-column-wrapper fusion-column-has-shadow fusion-flex-justify-content-flex-start fusion-content-layout-column\"><div class=\"fusion-title title fusion-title-1 fusion-sep-none fusion-title-text fusion-title-size-two\" style=\"--awb-text-color:var(--awb-color8);--awb-margin-top:10px;--awb-margin-right:0px;--awb-margin-bottom:40px;--awb-margin-left:0px;\"><h2 class=\"title-heading-left fusion-responsive-typography-calculated\" style=\"margin:0;--fontSize:32;line-height:1.5;\"><strong>Nossa Vis\u00e3o<\/strong><\/h2><\/div><div class=\"fusion-separator fusion-no-large-visibility fusion-full-width-sep\" style=\"align-self: center;margin-left: auto;margin-right: auto;margin-bottom:3%;width:100%;\"><\/div><div class=\"fusion-text fusion-text-1\" style=\"--awb-text-color:var(--awb-color7);\"><p>Ter o cliente e seu neg\u00f3cio sempre no centro de nossas estrat\u00e9gias e a\u00e7\u00f5es.<\/p>\n<p>Desenvolver a nossa profiss\u00e3o com base nos valores da nossa empresa.<\/p>\n<\/div><div class=\"fusion-separator fusion-no-large-visibility fusion-full-width-sep\" style=\"align-self: center;margin-left: auto;margin-right: auto;margin-bottom:50px;width:100%;\"><\/div><\/div><\/div><\/div><\/div><div class=\"fusion-fullwidth fullwidth-box fusion-builder-row-2 fusion-flex-container fusion-parallax-none nonhundred-percent-fullwidth non-hundred-percent-height-scrolling\" style=\"--awb-background-position:right center;--awb-border-radius-top-left:0px;--awb-border-radius-top-right:0px;--awb-border-radius-bottom-right:0px;--awb-border-radius-bottom-left:0px;--awb-padding-top:80px;--awb-padding-bottom:80px;--awb-background-color:var(--awb-color8);--awb-background-image:linear-gradient(180deg, hsla(var(--awb-color8-h),var(--awb-color8-s),var(--awb-color8-l),calc(var(--awb-color8-a) - 16%)) 0%,hsla(var(--awb-color8-h),var(--awb-color8-s),var(--awb-color8-l),calc(var(--awb-color8-a) - 16%)) 100%),url(https:\/\/datacolchannel.es\/wp-content\/uploads\/2017\/07\/datacol-contenido-restringido-02.jpg);;--awb-background-size:cover;\" ><div class=\"fusion-builder-row fusion-row fusion-flex-align-items-flex-start\" style=\"max-width:93.6%;margin-left: calc(-4% \/ 2 );margin-right: calc(-4% \/ 2 );\"><div class=\"fusion-layout-column fusion_builder_column fusion-builder-column-2 fusion_builder_column_1_2 1_2 fusion-flex-column fusion-flex-align-self-center\" style=\"--awb-bg-size:cover;--awb-width-large:50%;--awb-margin-top-large:0px;--awb-spacing-right-large:3.84%;--awb-margin-bottom-large:0px;--awb-spacing-left-large:3.84%;--awb-width-medium:100%;--awb-order-medium:0;--awb-spacing-right-medium:1.92%;--awb-spacing-left-medium:1.92%;--awb-width-small:100%;--awb-order-small:0;--awb-spacing-right-small:1.92%;--awb-spacing-left-small:1.92%;\"><div class=\"fusion-column-wrapper fusion-column-has-shadow fusion-flex-justify-content-flex-start fusion-content-layout-column\"><div class=\"fusion-title title fusion-title-2 fusion-sep-none fusion-title-center fusion-title-text fusion-title-size-one\" style=\"--awb-text-color:var(--awb-color1);\"><h1 class=\"title-heading-center fusion-responsive-typography-calculated\" style=\"margin:0;--fontSize:48;line-height:1.4;\">\u201cNossa motiva\u00e7\u00e3o, sua profiss\u00e3o\u201d<\/h1><\/div><\/div><\/div><div class=\"fusion-layout-column fusion_builder_column fusion-builder-column-3 fusion_builder_column_1_2 1_2 fusion-flex-column\" style=\"--awb-bg-size:cover;--awb-width-large:50%;--awb-margin-top-large:0px;--awb-spacing-right-large:3.84%;--awb-margin-bottom-large:0px;--awb-spacing-left-large:3.84%;--awb-width-medium:100%;--awb-order-medium:0;--awb-spacing-right-medium:1.92%;--awb-spacing-left-medium:1.92%;--awb-width-small:100%;--awb-order-small:0;--awb-margin-top-small:50px;--awb-spacing-right-small:1.92%;--awb-spacing-left-small:1.92%;\"><div class=\"fusion-column-wrapper fusion-column-has-shadow fusion-flex-justify-content-flex-start fusion-content-layout-column\"><div class=\"fusion-image-element \" style=\"text-align:center;--awb-mask-url: url(https:\/\/datacolchannel.es\/wp-content\/plugins\/fusion-builder\/\/assets\/images\/masks\/mask-10.svg);--awb-max-width:500px;--awb-caption-title-font-family:var(--h2_typography-font-family);--awb-caption-title-font-weight:var(--h2_typography-font-weight);--awb-caption-title-font-style:var(--h2_typography-font-style);--awb-caption-title-size:var(--h2_typography-font-size);--awb-caption-title-transform:var(--h2_typography-text-transform);--awb-caption-title-line-height:var(--h2_typography-line-height);--awb-caption-title-letter-spacing:var(--h2_typography-letter-spacing);\"><span class=\" fusion-imageframe imageframe-none imageframe-2 hover-type-none has-mask\" class=\"image-magnify\" class=\"image-scroll\"><img decoding=\"async\" width=\"650\" height=\"650\" title=\"datacol-historia-2022-001\" src=\"https:\/\/datacolchannel.es\/wp-content\/uploads\/2022\/07\/datacol-historia-2022-001.jpg\" alt class=\"img-responsive wp-image-10141\" srcset=\"https:\/\/datacolchannel.es\/wp-content\/uploads\/2022\/07\/datacol-historia-2022-001-200x200.jpg 200w, https:\/\/datacolchannel.es\/wp-content\/uploads\/2022\/07\/datacol-historia-2022-001-400x400.jpg 400w, https:\/\/datacolchannel.es\/wp-content\/uploads\/2022\/07\/datacol-historia-2022-001-600x600.jpg 600w, https:\/\/datacolchannel.es\/wp-content\/uploads\/2022\/07\/datacol-historia-2022-001.jpg 650w\" sizes=\"(max-width: 640px) 100vw, 650px\" \/><\/span><\/div><\/div><\/div><\/div><\/div><\/p>\n","protected":false},"excerpt":{"rendered":"","protected":false},"author":4,"featured_media":0,"parent":0,"menu_order":0,"comment_status":"closed","ping_status":"closed","template":"100-width.php","meta":[],"yoast_head":"<!-- This site is optimized with the Yoast SEO plugin v20.12 - https:\/\/yoast.com\/wordpress\/plugins\/seo\/ -->\n<title>NOSSA VIS\u00c3O | DATACOL CHANNEL<\/title>\n<meta name=\"robots\" content=\"index, follow, max-snippet:-1, max-image-preview:large, max-video-preview:-1\" \/>\n<link rel=\"canonical\" href=\"https:\/\/datacolchannel.es\/pt-pt\/nossa-visao\/\" \/>\n<meta property=\"og:locale\" content=\"pt_PT\" \/>\n<meta property=\"og:type\" content=\"article\" \/>\n<meta property=\"og:title\" content=\"NOSSA VIS\u00c3O | DATACOL CHANNEL\" \/>\n<meta property=\"og:url\" content=\"https:\/\/datacolchannel.es\/pt-pt\/nossa-visao\/\" \/>\n<meta property=\"og:site_name\" content=\"DATACOL CHANNEL\" \/>\n<meta property=\"article:modified_time\" content=\"2022-08-01T09:42:37+00:00\" \/>\n<meta name=\"twitter:card\" content=\"summary_large_image\" \/>\n<meta name=\"twitter:label1\" content=\"Tempo estimado de leitura\" \/>\n\t<meta name=\"twitter:data1\" content=\"6 minutos\" \/>\n<script type=\"application\/ld+json\" class=\"yoast-schema-graph\">{\"@context\":\"https:\/\/schema.org\",\"@graph\":[{\"@type\":\"WebPage\",\"@id\":\"https:\/\/datacolchannel.es\/pt-pt\/nossa-visao\/\",\"url\":\"https:\/\/datacolchannel.es\/pt-pt\/nossa-visao\/\",\"name\":\"NOSSA VIS\u00c3O | DATACOL CHANNEL\",\"isPartOf\":{\"@id\":\"https:\/\/datacolchannel.es\/#website\"},\"datePublished\":\"2022-08-01T09:42:25+00:00\",\"dateModified\":\"2022-08-01T09:42:37+00:00\",\"breadcrumb\":{\"@id\":\"https:\/\/datacolchannel.es\/pt-pt\/nossa-visao\/#breadcrumb\"},\"inLanguage\":\"pt-PT\",\"potentialAction\":[{\"@type\":\"ReadAction\",\"target\":[\"https:\/\/datacolchannel.es\/pt-pt\/nossa-visao\/\"]}]},{\"@type\":\"BreadcrumbList\",\"@id\":\"https:\/\/datacolchannel.es\/pt-pt\/nossa-visao\/#breadcrumb\",\"itemListElement\":[{\"@type\":\"ListItem\",\"position\":1,\"name\":\"Portada\",\"item\":\"https:\/\/datacolchannel.es\/pt-pt\/\"},{\"@type\":\"ListItem\",\"position\":2,\"name\":\"NOSSA VIS\u00c3O\"}]},{\"@type\":\"WebSite\",\"@id\":\"https:\/\/datacolchannel.es\/#website\",\"url\":\"https:\/\/datacolchannel.es\/\",\"name\":\"DATACOL CHANNEL\",\"description\":\"Informaci&oacute;n de la actualidad y el producto DATACOL\",\"publisher\":{\"@id\":\"https:\/\/datacolchannel.es\/#organization\"},\"potentialAction\":[{\"@type\":\"SearchAction\",\"target\":{\"@type\":\"EntryPoint\",\"urlTemplate\":\"https:\/\/datacolchannel.es\/?s={search_term_string}\"},\"query-input\":\"required name=search_term_string\"}],\"inLanguage\":\"pt-PT\"},{\"@type\":\"Organization\",\"@id\":\"https:\/\/datacolchannel.es\/#organization\",\"name\":\"DATACOL CHANNEL\",\"url\":\"https:\/\/datacolchannel.es\/\",\"logo\":{\"@type\":\"ImageObject\",\"inLanguage\":\"pt-PT\",\"@id\":\"https:\/\/datacolchannel.es\/#\/schema\/logo\/image\/\",\"url\":\"https:\/\/datacolchannel.es\/wp-content\/uploads\/2017\/05\/INFO_2D_DATACOL_LOGOTIPO_200x102px.png\",\"contentUrl\":\"https:\/\/datacolchannel.es\/wp-content\/uploads\/2017\/05\/INFO_2D_DATACOL_LOGOTIPO_200x102px.png\",\"width\":200,\"height\":102,\"caption\":\"DATACOL CHANNEL\"},\"image\":{\"@id\":\"https:\/\/datacolchannel.es\/#\/schema\/logo\/image\/\"}}]}<\/script>\n<!-- \/ Yoast SEO plugin. -->","yoast_head_json":{"title":"NOSSA VIS\u00c3O | DATACOL CHANNEL","robots":{"index":"index","follow":"follow","max-snippet":"max-snippet:-1","max-image-preview":"max-image-preview:large","max-video-preview":"max-video-preview:-1"},"canonical":"https:\/\/datacolchannel.es\/pt-pt\/nossa-visao\/","og_locale":"pt_PT","og_type":"article","og_title":"NOSSA VIS\u00c3O | DATACOL CHANNEL","og_url":"https:\/\/datacolchannel.es\/pt-pt\/nossa-visao\/","og_site_name":"DATACOL CHANNEL","article_modified_time":"2022-08-01T09:42:37+00:00","twitter_card":"summary_large_image","twitter_misc":{"Tempo estimado de leitura":"6 minutos"},"schema":{"@context":"https:\/\/schema.org","@graph":[{"@type":"WebPage","@id":"https:\/\/datacolchannel.es\/pt-pt\/nossa-visao\/","url":"https:\/\/datacolchannel.es\/pt-pt\/nossa-visao\/","name":"NOSSA VIS\u00c3O | DATACOL CHANNEL","isPartOf":{"@id":"https:\/\/datacolchannel.es\/#website"},"datePublished":"2022-08-01T09:42:25+00:00","dateModified":"2022-08-01T09:42:37+00:00","breadcrumb":{"@id":"https:\/\/datacolchannel.es\/pt-pt\/nossa-visao\/#breadcrumb"},"inLanguage":"pt-PT","potentialAction":[{"@type":"ReadAction","target":["https:\/\/datacolchannel.es\/pt-pt\/nossa-visao\/"]}]},{"@type":"BreadcrumbList","@id":"https:\/\/datacolchannel.es\/pt-pt\/nossa-visao\/#breadcrumb","itemListElement":[{"@type":"ListItem","position":1,"name":"Portada","item":"https:\/\/datacolchannel.es\/pt-pt\/"},{"@type":"ListItem","position":2,"name":"NOSSA VIS\u00c3O"}]},{"@type":"WebSite","@id":"https:\/\/datacolchannel.es\/#website","url":"https:\/\/datacolchannel.es\/","name":"DATACOL CHANNEL","description":"Informaci&oacute;n de la actualidad y el producto DATACOL","publisher":{"@id":"https:\/\/datacolchannel.es\/#organization"},"potentialAction":[{"@type":"SearchAction","target":{"@type":"EntryPoint","urlTemplate":"https:\/\/datacolchannel.es\/?s={search_term_string}"},"query-input":"required name=search_term_string"}],"inLanguage":"pt-PT"},{"@type":"Organization","@id":"https:\/\/datacolchannel.es\/#organization","name":"DATACOL CHANNEL","url":"https:\/\/datacolchannel.es\/","logo":{"@type":"ImageObject","inLanguage":"pt-PT","@id":"https:\/\/datacolchannel.es\/#\/schema\/logo\/image\/","url":"https:\/\/datacolchannel.es\/wp-content\/uploads\/2017\/05\/INFO_2D_DATACOL_LOGOTIPO_200x102px.png","contentUrl":"https:\/\/datacolchannel.es\/wp-content\/uploads\/2017\/05\/INFO_2D_DATACOL_LOGOTIPO_200x102px.png","width":200,"height":102,"caption":"DATACOL CHANNEL"},"image":{"@id":"https:\/\/datacolchannel.es\/#\/schema\/logo\/image\/"}}]}},"_links":{"self":[{"href":"https:\/\/datacolchannel.es\/pt-pt\/wp-json\/wp\/v2\/pages\/10817"}],"collection":[{"href":"https:\/\/datacolchannel.es\/pt-pt\/wp-json\/wp\/v2\/pages"}],"about":[{"href":"https:\/\/datacolchannel.es\/pt-pt\/wp-json\/wp\/v2\/types\/page"}],"author":[{"embeddable":true,"href":"https:\/\/datacolchannel.es\/pt-pt\/wp-json\/wp\/v2\/users\/4"}],"replies":[{"embeddable":true,"href":"https:\/\/datacolchannel.es\/pt-pt\/wp-json\/wp\/v2\/comments?post=10817"}],"version-history":[{"count":0,"href":"https:\/\/datacolchannel.es\/pt-pt\/wp-json\/wp\/v2\/pages\/10817\/revisions"}],"wp:attachment":[{"href":"https:\/\/datacolchannel.es\/pt-pt\/wp-json\/wp\/v2\/media?parent=10817"}],"curies":[{"name":"wp","href":"https:\/\/api.w.org\/{rel}","templated":true}]}}