{"id":10001,"date":"2017-07-03T14:36:29","date_gmt":"2017-07-03T14:36:29","guid":{"rendered":"https:\/\/datacolchannel.es\/sector\/"},"modified":"2022-06-29T07:37:42","modified_gmt":"2022-06-29T07:37:42","slug":"sector","status":"publish","type":"page","link":"https:\/\/datacolchannel.es\/pt-pt\/sector\/","title":{"rendered":"Sector"},"content":{"rendered":"<div class=\"fusion-fullwidth fullwidth-box fusion-builder-row-1 fusion-flex-container nonhundred-percent-fullwidth non-hundred-percent-height-scrolling\" style=\"--awb-border-color:#ffffff;--awb-border-radius-top-left:0px;--awb-border-radius-top-right:0px;--awb-border-radius-bottom-right:0px;--awb-border-radius-bottom-left:0px;--awb-padding-right:10%;--awb-padding-left:10%;--awb-border-sizes-top:0px;--awb-border-sizes-bottom:0px;\" ><div class=\"fusion-builder-row fusion-row fusion-flex-align-items-flex-start\" style=\"max-width:93.6%;margin-left: calc(-4% \/ 2 );margin-right: calc(-4% \/ 2 );\"><div class=\"fusion-layout-column fusion_builder_column fusion-builder-column-0 fusion_builder_column_2_3 2_3 fusion-flex-column\" style=\"--awb-bg-size:cover;--awb-width-large:66.666666666667%;--awb-margin-top-large:0px;--awb-spacing-right-large:3.84%;--awb-margin-bottom-large:20px;--awb-spacing-left-large:2.88%;--awb-width-medium:66.666666666667%;--awb-spacing-right-medium:3.84%;--awb-spacing-left-medium:2.88%;--awb-width-small:100%;--awb-spacing-right-small:1.92%;--awb-spacing-left-small:1.92%;\"><div class=\"fusion-column-wrapper fusion-flex-justify-content-flex-start fusion-content-layout-column\"><div class=\"fusion-text fusion-text-1\"><h1 style=\"font-size: 500%;\">Sector<\/h1>\n<\/div><div class=\"fusion-text fusion-text-2\"><h2>Conhe\u00e7a as \u00faltimas not\u00edcias dos <strong>sectores<\/strong> Autom\u00f3vel e Ind\u00fastria<\/h2>\n<\/div><div class=\"fusion-separator\" style=\"align-self: flex-start;margin-right:auto;margin-top:20px;margin-bottom:20px;width:100%;max-width:50%;\"><div class=\"fusion-separator-border sep-single sep-solid\" style=\"--awb-height:20px;--awb-amount:20px;--awb-sep-color:#b11a33;border-color:#b11a33;border-top-width:3px;\"><\/div><\/div><\/div><\/div><div class=\"fusion-layout-column fusion_builder_column fusion-builder-column-1 fusion_builder_column_1_3 1_3 fusion-flex-column\" style=\"--awb-bg-size:cover;--awb-width-large:33.333333333333%;--awb-margin-top-large:75px;--awb-spacing-right-large:5.76%;--awb-margin-bottom-large:75px;--awb-spacing-left-large:3.8399999999999%;--awb-width-medium:33.333333333333%;--awb-spacing-right-medium:5.76%;--awb-spacing-left-medium:3.8399999999999%;--awb-width-small:100%;--awb-spacing-right-small:1.92%;--awb-spacing-left-small:1.92%;\"><div class=\"fusion-column-wrapper fusion-flex-justify-content-flex-start fusion-content-layout-column\"><div class=\"fusion-image-element \" style=\"--awb-caption-title-font-family:var(--h2_typography-font-family);--awb-caption-title-font-weight:var(--h2_typography-font-weight);--awb-caption-title-font-style:var(--h2_typography-font-style);--awb-caption-title-size:var(--h2_typography-font-size);--awb-caption-title-transform:var(--h2_typography-text-transform);--awb-caption-title-line-height:var(--h2_typography-line-height);--awb-caption-title-letter-spacing:var(--h2_typography-letter-spacing);\"><span class=\" fusion-imageframe imageframe-none imageframe-1 hover-type-none\" class=\"image-magnify\" class=\"image-scroll\"><img decoding=\"async\" width=\"597\" height=\"134\" title=\"Datacol_News\" src=\"http:\/\/datacolchannel.es\/wp-content\/uploads\/2017\/07\/DatacolNews_G_News.png\" alt class=\"img-responsive wp-image-6578\" srcset=\"https:\/\/datacolchannel.es\/wp-content\/uploads\/2017\/07\/DatacolNews_G_News-200x45.png 200w, https:\/\/datacolchannel.es\/wp-content\/uploads\/2017\/07\/DatacolNews_G_News-400x90.png 400w, https:\/\/datacolchannel.es\/wp-content\/uploads\/2017\/07\/DatacolNews_G_News.png 597w\" sizes=\"(max-width: 640px) 100vw, 597px\" \/><\/span><\/div><\/div><\/div><div class=\"fusion-layout-column fusion_builder_column fusion-builder-column-2 fusion_builder_column_1_1 1_1 fusion-flex-column\" style=\"--awb-bg-size:cover;--awb-width-large:100%;--awb-margin-top-large:0px;--awb-spacing-right-large:1.92%;--awb-margin-bottom-large:20px;--awb-spacing-left-large:1.92%;--awb-width-medium:100%;--awb-spacing-right-medium:1.92%;--awb-spacing-left-medium:1.92%;--awb-width-small:100%;--awb-spacing-right-small:1.92%;--awb-spacing-left-small:1.92%;\"><div class=\"fusion-column-wrapper fusion-flex-justify-content-flex-start fusion-content-layout-column\"><div class=\"fusion-blog-shortcode fusion-blog-shortcode-1 fusion-blog-archive fusion-blog-layout-grid-wrapper fusion-blog-pagination\"><style type=\"text\/css\">.fusion-blog-shortcode-1 .fusion-blog-layout-grid .fusion-post-grid{padding:20px;}.fusion-blog-shortcode-1 .fusion-posts-container{margin-left: -20px !important; margin-right:-20px !important;}<\/style><div class=\"fusion-posts-container fusion-posts-container-pagination fusion-blog-rollover fusion-blog-layout-grid fusion-blog-layout-grid-3 isotope\" data-pages=\"1\" data-grid-col-space=\"40\" style=\"margin: -20px -20px 0;min-height:500px;\"><article id=\"blog-1-post-10856\" class=\"fusion-post-grid post-10856 post type-post status-publish format-image has-post-thumbnail hentry category-noticias category-sector-pt-pt category-sem-categoria tag-datacol-pt-pt tag-exposicao tag-ifema-madrid-pt-pt tag-motortec-2022-pt-pt post_format-post-format-image\">\n<div class=\"fusion-post-wrapper\" style=\"background-color:rgba(255,255,255,0);border:1px solid #1d252d;border-bottom-width:3px;\">\n\n\t\t\t<div class=\"fusion-flexslider flexslider fusion-flexslider-loading fusion-post-slideshow\" style=\"border-color:#1d252d;\">\n\t\t<ul class=\"slides\">\n\t\t\t\n\t\t\t\t\t\t\t\t\t\t\t\t\t\t<li><div  class=\"fusion-image-wrapper\" aria-haspopup=\"true\">\n\t\t\t\t<img width=\"600\" height=\"450\" src=\"https:\/\/datacolchannel.es\/wp-content\/uploads\/2022\/04\/DATACOL-Motortec-Madrid-2022.jpeg\" class=\"attachment-full size-full wp-post-image\" alt=\"\" decoding=\"async\" srcset=\"https:\/\/datacolchannel.es\/wp-content\/uploads\/2022\/04\/DATACOL-Motortec-Madrid-2022-200x150.jpeg 200w, https:\/\/datacolchannel.es\/wp-content\/uploads\/2022\/04\/DATACOL-Motortec-Madrid-2022-400x300.jpeg 400w, https:\/\/datacolchannel.es\/wp-content\/uploads\/2022\/04\/DATACOL-Motortec-Madrid-2022.jpeg 600w\" sizes=\"(min-width: 2200px) 100vw, (min-width: 784px) 549px, (min-width: 712px) 784px, (min-width: 640px) 712px, \" \/><div class=\"fusion-rollover\">\n\t<div class=\"fusion-rollover-content\">\n\n\t\t\t\t\t\t\t\t\t\t\t\t\t\t<a class=\"fusion-rollover-link\" href=\"https:\/\/datacolchannel.es\/pt-pt\/datacol-motortec-madrid-2022\/\">DATACOL Motortec Madrid 2022<\/a>\n\t\t\t\n\t\t\t\t\t\t\t\t\t\t\t\t\t\t\n\t\t\t\t\t\t\t\t\n\t\t\t\t\t\t\t\t\t\t\t\t\t<div class=\"fusion-rollover-sep\"><\/div>\n\t\t\t\t\n\t\t\t\t\t\t\t\t\t\t\t\t\t\t\t\t\t\t<a class=\"fusion-rollover-gallery\" href=\"https:\/\/datacolchannel.es\/wp-content\/uploads\/2022\/04\/DATACOL-Motortec-Madrid-2022.jpeg\" data-id=\"10856\" data-rel=\"iLightbox[gallery]\" data-title=\"DATACOL Motortec Madrid 2022\" data-caption=\"\">\n\t\t\t\t\t\tGallery\t\t\t\t\t<\/a>\n\t\t\t\t\t\t\t\t\t\t\t\t\t\t\n\t\t\n\t\t\t\t\t\t\t\t\t\t\t\t<h4 class=\"fusion-rollover-title\">\n\t\t\t\t\t<a class=\"fusion-rollover-title-link\" href=\"https:\/\/datacolchannel.es\/pt-pt\/datacol-motortec-madrid-2022\/\">\n\t\t\t\t\t\tDATACOL Motortec Madrid 2022\t\t\t\t\t<\/a>\n\t\t\t\t<\/h4>\n\t\t\t\n\t\t\t\t\t\t\t\t\t\t<div class=\"fusion-rollover-categories\"><a href=\"https:\/\/datacolchannel.es\/pt-pt\/categoria\/noticias\/\" rel=\"tag\">Not\u00edcias<\/a>, <a href=\"https:\/\/datacolchannel.es\/pt-pt\/categoria\/noticias\/sector-pt-pt\/\" rel=\"tag\">Sector<\/a>, <a href=\"https:\/\/datacolchannel.es\/pt-pt\/categoria\/sem-categoria\/\" rel=\"tag\">Sem categoria<\/a><\/div>\t\t\t\t\t\n\t\t\n\t\t\t\t\t\t<a class=\"fusion-link-wrapper\" href=\"https:\/\/datacolchannel.es\/pt-pt\/datacol-motortec-madrid-2022\/\" aria-label=\"DATACOL Motortec Madrid 2022\"><\/a>\n\t<\/div>\n<\/div>\n<\/div>\n<\/li>\n\t\t\t\n\t\t\t\n\t\t\t\t\t\t\t\t\t\t\t\t\t\t\t\t\t\t\t\t\t\t\t\t\t\t\t\t\t\t\t\t\t\t\t\t\t\t\t\t\t\t\t\t\t\t\t\t\t\t\t\t\t\t\t\t\t\t\t\t\t\t\t\t\t\t\t\t<\/ul>\n\t<\/div>\n\t<div class=\"fusion-post-content-wrapper\" style=\"padding:30px 25px 25px 25px;\"><div class=\"fusion-post-content post-content\"><h2 class=\"blog-shortcode-post-title entry-title\">DATACOL Motortec Madrid 2022<\/h2><p class=\"fusion-single-line-meta\"><span class=\"vcard\" style=\"display: none;\"><span class=\"fn\"><a href=\"https:\/\/datacolchannel.es\/pt-pt\/author\/editor\/\" title=\"Artigos de Editor M\u00f3n Creaci\u00f3n\" rel=\"author\">Editor M\u00f3n Creaci\u00f3n<\/a><\/span><\/span><span class=\"updated\" style=\"display:none;\">2022-04-20T10:19:30+00:00<\/span>Categories: <a href=\"https:\/\/datacolchannel.es\/pt-pt\/categoria\/noticias\/\" rel=\"category tag\">Not\u00edcias<\/a>, <a href=\"https:\/\/datacolchannel.es\/pt-pt\/categoria\/noticias\/sector-pt-pt\/\" rel=\"category tag\">Sector<\/a>, <a href=\"https:\/\/datacolchannel.es\/pt-pt\/categoria\/sem-categoria\/\" rel=\"category tag\">Sem categoria<\/a><span class=\"fusion-inline-sep\">|<\/span><span class=\"meta-tags\">Tags: <a href=\"https:\/\/datacolchannel.es\/pt-pt\/tag\/datacol-pt-pt\/\" rel=\"tag\">datacol<\/a>, <a href=\"https:\/\/datacolchannel.es\/pt-pt\/tag\/exposicao\/\" rel=\"tag\">exposi\u00e7\u00e3o<\/a>, <a href=\"https:\/\/datacolchannel.es\/pt-pt\/tag\/ifema-madrid-pt-pt\/\" rel=\"tag\">Ifema Madrid<\/a>, <a href=\"https:\/\/datacolchannel.es\/pt-pt\/tag\/motortec-2022-pt-pt\/\" rel=\"tag\">Motortec 2022<\/a><\/span><span class=\"fusion-inline-sep\">|<\/span><\/p><div class=\"fusion-content-sep sep-double sep-solid\"><\/div><div class=\"fusion-post-content-container\"><p>DATACOL Motortec Madrid 2022 DATACOL na Motortec Madrid 2022 Finalmente chegou o dia do grande evento p\u00f3s-venda do sector autom\u00f3vel. Esperamos todos voc\u00eas no Pavilh\u00e3o 9B24 Um total de 500 expositores, entre os quais se encontram as empresas l\u00edderes do p\u00f3s-venda do sector autom\u00f3vel, que [...]<\/p><\/div><\/div><div class=\"fusion-meta-info\"><div class=\"fusion-alignleft\"><a class=\"fusion-read-more\" href=\"https:\/\/datacolchannel.es\/pt-pt\/datacol-motortec-madrid-2022\/\" aria-label=\"More on DATACOL Motortec Madrid 2022\">Read More<\/a><\/div><\/div><\/div><div class=\"fusion-clearfix\"><\/div><\/div>\n<\/article>\n<div class=\"fusion-clearfix\"><\/div><\/div><\/div><\/div><\/div><div class=\"fusion-layout-column fusion_builder_column fusion-builder-column-3 fusion_builder_column_1_1 1_1 fusion-flex-column\" style=\"--awb-bg-size:cover;--awb-width-large:100%;--awb-margin-top-large:0px;--awb-spacing-right-large:1.92%;--awb-margin-bottom-large:20px;--awb-spacing-left-large:1.92%;--awb-width-medium:100%;--awb-spacing-right-medium:1.92%;--awb-spacing-left-medium:1.92%;--awb-width-small:100%;--awb-spacing-right-small:1.92%;--awb-spacing-left-small:1.92%;\"><div class=\"fusion-column-wrapper fusion-flex-justify-content-flex-start fusion-content-layout-column\"><div class=\"fusion-separator\" style=\"align-self: flex-end;margin-left:auto;margin-top:50px;margin-bottom:20px;width:100%;max-width:50%;\"><div class=\"fusion-separator-border sep-single sep-solid\" style=\"--awb-height:20px;--awb-amount:20px;--awb-sep-color:#b11a33;border-color:#b11a33;border-top-width:3px;\"><\/div><\/div><\/div><\/div><div class=\"fusion-layout-column fusion_builder_column fusion-builder-column-4 fusion_builder_column_2_3 2_3 fusion-flex-column\" style=\"--awb-bg-size:cover;--awb-width-large:66.666666666667%;--awb-margin-top-large:0px;--awb-spacing-right-large:3.84%;--awb-margin-bottom-large:20px;--awb-spacing-left-large:2.88%;--awb-width-medium:66.666666666667%;--awb-spacing-right-medium:3.84%;--awb-spacing-left-medium:2.88%;--awb-width-small:100%;--awb-spacing-right-small:1.92%;--awb-spacing-left-small:1.92%;\"><div class=\"fusion-column-wrapper fusion-flex-justify-content-flex-start fusion-content-layout-column\"><\/div><\/div><div class=\"fusion-layout-column fusion_builder_column fusion-builder-column-5 fusion_builder_column_1_3 1_3 fusion-flex-column\" style=\"--awb-bg-size:cover;--awb-width-large:33.333333333333%;--awb-margin-top-large:0px;--awb-spacing-right-large:5.76%;--awb-margin-bottom-large:20px;--awb-spacing-left-large:3.8399999999999%;--awb-width-medium:33.333333333333%;--awb-spacing-right-medium:5.76%;--awb-spacing-left-medium:3.8399999999999%;--awb-width-small:100%;--awb-spacing-right-small:1.92%;--awb-spacing-left-small:1.92%;\"><div class=\"fusion-column-wrapper fusion-flex-justify-content-flex-start fusion-content-layout-column\"><div class=\"fusion-image-element \" style=\"--awb-caption-title-font-family:var(--h2_typography-font-family);--awb-caption-title-font-weight:var(--h2_typography-font-weight);--awb-caption-title-font-style:var(--h2_typography-font-style);--awb-caption-title-size:var(--h2_typography-font-size);--awb-caption-title-transform:var(--h2_typography-text-transform);--awb-caption-title-line-height:var(--h2_typography-line-height);--awb-caption-title-letter-spacing:var(--h2_typography-letter-spacing);\"><span class=\" fusion-imageframe imageframe-none imageframe-2 hover-type-none\" class=\"image-magnify\" class=\"image-scroll\"><img decoding=\"async\" width=\"596\" height=\"133\" title=\"Datacol-News\" src=\"http:\/\/datacolchannel.es\/wp-content\/uploads\/2017\/07\/DatacolNews_-11.png\" alt class=\"img-responsive wp-image-6569\" srcset=\"https:\/\/datacolchannel.es\/wp-content\/uploads\/2017\/07\/DatacolNews_-11-200x45.png 200w, https:\/\/datacolchannel.es\/wp-content\/uploads\/2017\/07\/DatacolNews_-11-400x89.png 400w, https:\/\/datacolchannel.es\/wp-content\/uploads\/2017\/07\/DatacolNews_-11.png 596w\" sizes=\"(max-width: 640px) 100vw, 596px\" \/><\/span><\/div><\/div><\/div><\/div><\/div>\n","protected":false},"excerpt":{"rendered":"","protected":false},"author":1,"featured_media":0,"parent":0,"menu_order":0,"comment_status":"closed","ping_status":"closed","template":"","meta":[],"yoast_head":"<!-- This site is optimized with the Yoast SEO plugin v20.12 - https:\/\/yoast.com\/wordpress\/plugins\/seo\/ -->\n<title>Sector | DATACOL CHANNEL<\/title>\n<meta name=\"robots\" content=\"index, follow, max-snippet:-1, max-image-preview:large, max-video-preview:-1\" \/>\n<link rel=\"canonical\" href=\"https:\/\/datacolchannel.es\/pt-pt\/sector\/\" \/>\n<meta property=\"og:locale\" content=\"pt_PT\" \/>\n<meta property=\"og:type\" content=\"article\" \/>\n<meta property=\"og:title\" content=\"Sector | DATACOL CHANNEL\" \/>\n<meta property=\"og:url\" content=\"https:\/\/datacolchannel.es\/pt-pt\/sector\/\" \/>\n<meta property=\"og:site_name\" content=\"DATACOL CHANNEL\" \/>\n<meta property=\"article:modified_time\" content=\"2022-06-29T07:37:42+00:00\" \/>\n<meta name=\"twitter:card\" content=\"summary_large_image\" \/>\n<meta name=\"twitter:label1\" content=\"Tempo estimado de leitura\" \/>\n\t<meta name=\"twitter:data1\" content=\"4 minutos\" \/>\n<script type=\"application\/ld+json\" class=\"yoast-schema-graph\">{\"@context\":\"https:\/\/schema.org\",\"@graph\":[{\"@type\":\"WebPage\",\"@id\":\"https:\/\/datacolchannel.es\/pt-pt\/sector\/\",\"url\":\"https:\/\/datacolchannel.es\/pt-pt\/sector\/\",\"name\":\"Sector | DATACOL CHANNEL\",\"isPartOf\":{\"@id\":\"https:\/\/datacolchannel.es\/#website\"},\"datePublished\":\"2017-07-03T14:36:29+00:00\",\"dateModified\":\"2022-06-29T07:37:42+00:00\",\"breadcrumb\":{\"@id\":\"https:\/\/datacolchannel.es\/pt-pt\/sector\/#breadcrumb\"},\"inLanguage\":\"pt-PT\",\"potentialAction\":[{\"@type\":\"ReadAction\",\"target\":[\"https:\/\/datacolchannel.es\/pt-pt\/sector\/\"]}]},{\"@type\":\"BreadcrumbList\",\"@id\":\"https:\/\/datacolchannel.es\/pt-pt\/sector\/#breadcrumb\",\"itemListElement\":[{\"@type\":\"ListItem\",\"position\":1,\"name\":\"Portada\",\"item\":\"https:\/\/datacolchannel.es\/pt-pt\/\"},{\"@type\":\"ListItem\",\"position\":2,\"name\":\"Sector\"}]},{\"@type\":\"WebSite\",\"@id\":\"https:\/\/datacolchannel.es\/#website\",\"url\":\"https:\/\/datacolchannel.es\/\",\"name\":\"DATACOL CHANNEL\",\"description\":\"Informaci&oacute;n de la actualidad y el producto DATACOL\",\"publisher\":{\"@id\":\"https:\/\/datacolchannel.es\/#organization\"},\"potentialAction\":[{\"@type\":\"SearchAction\",\"target\":{\"@type\":\"EntryPoint\",\"urlTemplate\":\"https:\/\/datacolchannel.es\/?s={search_term_string}\"},\"query-input\":\"required name=search_term_string\"}],\"inLanguage\":\"pt-PT\"},{\"@type\":\"Organization\",\"@id\":\"https:\/\/datacolchannel.es\/#organization\",\"name\":\"DATACOL CHANNEL\",\"url\":\"https:\/\/datacolchannel.es\/\",\"logo\":{\"@type\":\"ImageObject\",\"inLanguage\":\"pt-PT\",\"@id\":\"https:\/\/datacolchannel.es\/#\/schema\/logo\/image\/\",\"url\":\"https:\/\/datacolchannel.es\/wp-content\/uploads\/2017\/05\/INFO_2D_DATACOL_LOGOTIPO_200x102px.png\",\"contentUrl\":\"https:\/\/datacolchannel.es\/wp-content\/uploads\/2017\/05\/INFO_2D_DATACOL_LOGOTIPO_200x102px.png\",\"width\":200,\"height\":102,\"caption\":\"DATACOL CHANNEL\"},\"image\":{\"@id\":\"https:\/\/datacolchannel.es\/#\/schema\/logo\/image\/\"}}]}<\/script>\n<!-- \/ Yoast SEO plugin. -->","yoast_head_json":{"title":"Sector | DATACOL CHANNEL","robots":{"index":"index","follow":"follow","max-snippet":"max-snippet:-1","max-image-preview":"max-image-preview:large","max-video-preview":"max-video-preview:-1"},"canonical":"https:\/\/datacolchannel.es\/pt-pt\/sector\/","og_locale":"pt_PT","og_type":"article","og_title":"Sector | DATACOL CHANNEL","og_url":"https:\/\/datacolchannel.es\/pt-pt\/sector\/","og_site_name":"DATACOL CHANNEL","article_modified_time":"2022-06-29T07:37:42+00:00","twitter_card":"summary_large_image","twitter_misc":{"Tempo estimado de leitura":"4 minutos"},"schema":{"@context":"https:\/\/schema.org","@graph":[{"@type":"WebPage","@id":"https:\/\/datacolchannel.es\/pt-pt\/sector\/","url":"https:\/\/datacolchannel.es\/pt-pt\/sector\/","name":"Sector | DATACOL CHANNEL","isPartOf":{"@id":"https:\/\/datacolchannel.es\/#website"},"datePublished":"2017-07-03T14:36:29+00:00","dateModified":"2022-06-29T07:37:42+00:00","breadcrumb":{"@id":"https:\/\/datacolchannel.es\/pt-pt\/sector\/#breadcrumb"},"inLanguage":"pt-PT","potentialAction":[{"@type":"ReadAction","target":["https:\/\/datacolchannel.es\/pt-pt\/sector\/"]}]},{"@type":"BreadcrumbList","@id":"https:\/\/datacolchannel.es\/pt-pt\/sector\/#breadcrumb","itemListElement":[{"@type":"ListItem","position":1,"name":"Portada","item":"https:\/\/datacolchannel.es\/pt-pt\/"},{"@type":"ListItem","position":2,"name":"Sector"}]},{"@type":"WebSite","@id":"https:\/\/datacolchannel.es\/#website","url":"https:\/\/datacolchannel.es\/","name":"DATACOL CHANNEL","description":"Informaci&oacute;n de la actualidad y el producto DATACOL","publisher":{"@id":"https:\/\/datacolchannel.es\/#organization"},"potentialAction":[{"@type":"SearchAction","target":{"@type":"EntryPoint","urlTemplate":"https:\/\/datacolchannel.es\/?s={search_term_string}"},"query-input":"required name=search_term_string"}],"inLanguage":"pt-PT"},{"@type":"Organization","@id":"https:\/\/datacolchannel.es\/#organization","name":"DATACOL CHANNEL","url":"https:\/\/datacolchannel.es\/","logo":{"@type":"ImageObject","inLanguage":"pt-PT","@id":"https:\/\/datacolchannel.es\/#\/schema\/logo\/image\/","url":"https:\/\/datacolchannel.es\/wp-content\/uploads\/2017\/05\/INFO_2D_DATACOL_LOGOTIPO_200x102px.png","contentUrl":"https:\/\/datacolchannel.es\/wp-content\/uploads\/2017\/05\/INFO_2D_DATACOL_LOGOTIPO_200x102px.png","width":200,"height":102,"caption":"DATACOL CHANNEL"},"image":{"@id":"https:\/\/datacolchannel.es\/#\/schema\/logo\/image\/"}}]}},"_links":{"self":[{"href":"https:\/\/datacolchannel.es\/pt-pt\/wp-json\/wp\/v2\/pages\/10001"}],"collection":[{"href":"https:\/\/datacolchannel.es\/pt-pt\/wp-json\/wp\/v2\/pages"}],"about":[{"href":"https:\/\/datacolchannel.es\/pt-pt\/wp-json\/wp\/v2\/types\/page"}],"author":[{"embeddable":true,"href":"https:\/\/datacolchannel.es\/pt-pt\/wp-json\/wp\/v2\/users\/1"}],"replies":[{"embeddable":true,"href":"https:\/\/datacolchannel.es\/pt-pt\/wp-json\/wp\/v2\/comments?post=10001"}],"version-history":[{"count":0,"href":"https:\/\/datacolchannel.es\/pt-pt\/wp-json\/wp\/v2\/pages\/10001\/revisions"}],"wp:attachment":[{"href":"https:\/\/datacolchannel.es\/pt-pt\/wp-json\/wp\/v2\/media?parent=10001"}],"curies":[{"name":"wp","href":"https:\/\/api.w.org\/{rel}","templated":true}]}}